{"id":10597,"date":"2026-02-17T15:08:58","date_gmt":"2026-02-17T14:08:58","guid":{"rendered":"https:\/\/bmg-as.no\/?page_id=10597"},"modified":"2026-03-19T13:58:16","modified_gmt":"2026-03-19T12:58:16","slug":"tjenester","status":"publish","type":"page","link":"https:\/\/bmg-as.no\/en\/agotnes-sveis\/tjenester\/","title":{"rendered":"Services"},"content":{"rendered":"\t\t<div data-elementor-type=\"wp-page\" data-elementor-id=\"10597\" class=\"elementor elementor-10597\" data-elementor-post-type=\"page\">\n\t\t\t\t<div class=\"elementor-element elementor-element-c9d37a4 dark-section e-flex e-con-boxed e-con e-parent\" data-id=\"c9d37a4\" data-element_type=\"container\" data-e-type=\"container\" data-settings=\"{&quot;background_background&quot;:&quot;classic&quot;}\">\n\t\t\t\t\t<div class=\"e-con-inner\">\n\t\t\t\t<div class=\"elementor-element elementor-element-eb16d1e grve-elementor-align-left elementor-widget elementor-widget-impeka_title\" data-id=\"eb16d1e\" data-element_type=\"widget\" data-e-type=\"widget\" data-widget_type=\"impeka_title.default\">\n\t\t\t\t<div class=\"elementor-widget-container\">\n\t\t\t\t\t<h3 class=\"grve-element grve-title grve-subtitle-text grve-text-white\"><span>\u00c5gotnes Sveis<br><\/span><\/h3>\t\t\t\t<\/div>\n\t\t\t\t<\/div>\n\t\t\t\t<div class=\"elementor-element elementor-element-8fb6c88 grve-elementor-align-left elementor-widget elementor-widget-impeka_title\" data-id=\"8fb6c88\" data-element_type=\"widget\" data-e-type=\"widget\" data-widget_type=\"impeka_title.default\">\n\t\t\t\t<div class=\"elementor-widget-container\">\n\t\t\t\t\t<h3 class=\"grve-element grve-title grve-h3\" style=\"margin-bottom: 30px;\"><span>V\u00e5re tjenester<br><\/span><\/h3>\t\t\t\t<\/div>\n\t\t\t\t<\/div>\n\t\t\t\t<div class=\"elementor-element elementor-element-42e1fb8 elementor-widget elementor-widget-text-editor\" data-id=\"42e1fb8\" data-element_type=\"widget\" data-e-type=\"widget\" data-widget_type=\"text-editor.default\">\n\t\t\t\t\t\t\t\t\t<blockquote><p>\u00c5gotnes Sveis leverer tjenester hovedsakelig til Subsea bransjen, men ogs\u00e5 innen Shipping, Industri, Havbruk, bygge bransjen og offshore-bransjen generelt.<\/p><\/blockquote><p>V\u00e5rt verksted areal er rundt 3 000 m2 med full krandekning for \u00e5 spare oss for tunge l\u00f8ft. Vi har egen rustfri avdeling og vi har ca 10 000 M2 med uteplass. Vi har ogs\u00e5 egen avdeling for utejobber som jobber langs hele kysten fra Kirkenes til Halden i tillegg til offshore. Vi har mye mobilt utstyr med egne generatorer, stor bilpark, lifter, containere, og basketer Vi har gode samarbeidspartnere p\u00e5 tjenester innen elektro, trykktesting, NDT, stillasbygging og overflatebehandling.<\/p>\t\t\t\t\t\t\t\t<\/div>\n\t\t\t\t\t<\/div>\n\t\t\t\t<\/div>\n\t\t<div class=\"elementor-element elementor-element-c07395f e-flex e-con-boxed e-con e-parent\" data-id=\"c07395f\" data-element_type=\"container\" data-e-type=\"container\">\n\t\t\t\t\t<div class=\"e-con-inner\">\n\t\t\t\t<div class=\"elementor-element elementor-element-312ef68 elementor-grid-3 elementor-grid-tablet-2 elementor-grid-mobile-1 elementor-widget elementor-widget-loop-grid\" data-id=\"312ef68\" data-element_type=\"widget\" data-e-type=\"widget\" data-settings=\"{&quot;template_id&quot;:&quot;8868&quot;,&quot;_skin&quot;:&quot;post&quot;,&quot;columns&quot;:&quot;3&quot;,&quot;columns_tablet&quot;:&quot;2&quot;,&quot;columns_mobile&quot;:&quot;1&quot;,&quot;edit_handle_selector&quot;:&quot;[data-elementor-type=\\&quot;loop-item\\&quot;]&quot;,&quot;row_gap&quot;:{&quot;unit&quot;:&quot;px&quot;,&quot;size&quot;:&quot;&quot;,&quot;sizes&quot;:[]},&quot;row_gap_tablet&quot;:{&quot;unit&quot;:&quot;px&quot;,&quot;size&quot;:&quot;&quot;,&quot;sizes&quot;:[]},&quot;row_gap_mobile&quot;:{&quot;unit&quot;:&quot;px&quot;,&quot;size&quot;:&quot;&quot;,&quot;sizes&quot;:[]}}\" data-widget_type=\"loop-grid.post\">\n\t\t\t\t<div class=\"elementor-widget-container\">\n\t\t\t\t\t\t\t<div class=\"elementor-loop-container elementor-grid\" role=\"list\">\n\t\t<style id=\"loop-8868\">.elementor-8868 .elementor-element.elementor-element-7685f8b{--display:flex;--min-height:280px;--flex-direction:column;--container-widget-width:calc( ( 1 - var( --container-widget-flex-grow ) ) * 100% );--container-widget-height:initial;--container-widget-flex-grow:0;--container-widget-align-self:initial;--flex-wrap-mobile:wrap;--align-items:stretch;--background-transition:0.3s;--overlay-opacity:1;border-style:solid;--border-style:solid;border-width:0px 0px 4px 0px;--border-top-width:0px;--border-right-width:0px;--border-bottom-width:4px;--border-left-width:0px;border-color:var( --e-global-color-c832fda );--border-color:var( --e-global-color-c832fda );--border-radius:0px 0px 0px 0px;--margin-top:0px;--margin-bottom:0px;--margin-left:0px;--margin-right:0px;--padding-top:40px;--padding-bottom:40px;--padding-left:40px;--padding-right:40px;}.elementor-8868 .elementor-element.elementor-element-7685f8b::before, .elementor-8868 .elementor-element.elementor-element-7685f8b > .elementor-background-video-container::before, .elementor-8868 .elementor-element.elementor-element-7685f8b > .e-con-inner > .elementor-background-video-container::before, .elementor-8868 .elementor-element.elementor-element-7685f8b > .elementor-background-slideshow::before, .elementor-8868 .elementor-element.elementor-element-7685f8b > .e-con-inner > .elementor-background-slideshow::before, .elementor-8868 .elementor-element.elementor-element-7685f8b > .elementor-motion-effects-container > .elementor-motion-effects-layer::before{--background-overlay:'';}.elementor-8868 .elementor-element.elementor-element-7685f8b:hover::before, .elementor-8868 .elementor-element.elementor-element-7685f8b:hover > .elementor-background-video-container::before, .elementor-8868 .elementor-element.elementor-element-7685f8b:hover > .e-con-inner > .elementor-background-video-container::before, .elementor-8868 .elementor-element.elementor-element-7685f8b > .elementor-background-slideshow:hover::before, .elementor-8868 .elementor-element.elementor-element-7685f8b > .e-con-inner > .elementor-background-slideshow:hover::before{--background-overlay:'';}.elementor-8868 .elementor-element.elementor-element-7685f8b:hover{--overlay-opacity:0.5;border-style:solid;border-width:0px 0px 4px 0px;--border-top-width:0px;--border-right-width:0px;--border-bottom-width:4px;--border-left-width:0px;border-color:var( --e-global-color-c832fda );--border-color:var( --e-global-color-c832fda );--border-radius:0px 0px 0px 0px;--border-top-left-radius:0px;--border-top-right-radius:0px;--border-bottom-right-radius:0px;--border-bottom-left-radius:0px;}.elementor-8868 .elementor-element.elementor-element-7685f8b, .elementor-8868 .elementor-element.elementor-element-7685f8b::before{--border-transition:0.3s;}.elementor-8868 .elementor-element.elementor-element-7685f8b.e-con{--align-self:stretch;}.elementor-widget-theme-post-title .elementor-heading-title{font-family:var( --e-global-typography-primary-font-family ), Sans-serif;font-weight:var( --e-global-typography-primary-font-weight );color:var( --e-global-color-primary );}.elementor-8868 .elementor-element.elementor-element-e5eed94 .elementor-heading-title a:hover, .elementor-8868 .elementor-element.elementor-element-e5eed94 .elementor-heading-title a:focus{color:var( --e-global-color-6cb8f2f );}.elementor-8868 .elementor-element.elementor-element-e5eed94{padding:0px 0px 10px 0px;}.elementor-widget-text-editor{font-family:var( --e-global-typography-text-font-family ), Sans-serif;font-weight:var( --e-global-typography-text-font-weight );color:var( --e-global-color-text );}.elementor-widget-text-editor.elementor-drop-cap-view-stacked .elementor-drop-cap{background-color:var( --e-global-color-primary );}.elementor-widget-text-editor.elementor-drop-cap-view-framed .elementor-drop-cap, .elementor-widget-text-editor.elementor-drop-cap-view-default .elementor-drop-cap{color:var( --e-global-color-primary );border-color:var( --e-global-color-primary );}@media(max-width:767px){.elementor-8868 .elementor-element.elementor-element-7685f8b{--min-height:180px;}}\/* Start custom CSS for container, class: .elementor-element-7685f8b *\/\/* Hover: bl\u00e5 container + hvit tekst *\/\n\n\n\/* Industriell, subtil hover-effekt *\/\n.hover-blue {\n    background-color: #f6f8fa; \/* veldig lys base *\/\n    transition:\n        background 0.45s cubic-bezier(0.4, 0, 0.2, 1),\n        box-shadow 0.45s ease,\n        transform 0.45s ease;\n    will-change: transform;\n}\n\n\/* Hover state *\/\n.hover-blue:hover {\n    background: linear-gradient(\n        135deg,\n        #0e2b4d 0%,\n        #123a63 100%\n    );\n    box-shadow:\n        0 8px 24px rgba(14, 43, 77, 0.18);\n    transform: translateY(-2px);\n}\n\n\/* Tekst \u2013 ikke helt hvit *\/\n.hover-blue:hover,\n.hover-blue:hover * {\n    color: #f2f4f6 !important;\n}\n\n\/* Ikoner *\/\n.hover-blue:hover svg,\n.hover-blue:hover svg path {\n    fill: #f2f4f6 !important;\n}\/* End custom CSS *\/<\/style>\t\t<div data-elementor-type=\"loop-item\" data-elementor-id=\"8868\" class=\"elementor elementor-8868 e-loop-item e-loop-item-10615 post-10615 tjeneste type-tjeneste status-publish has-post-thumbnail hentry tjeneste-kategori-agotnes-sveis grve-entry-item\" data-elementor-post-type=\"elementor_library\" data-custom-edit-handle=\"1\">\n\t\t\t<a class=\"elementor-element elementor-element-7685f8b hover-blue e-flex e-con-boxed e-con e-parent\" data-id=\"7685f8b\" data-element_type=\"container\" data-e-type=\"container\" data-settings=\"{&quot;background_background&quot;:&quot;classic&quot;}\" href=\"https:\/\/bmg-as.no\/en\/tjeneste\/ombygging\/\">\n\t\t\t\t\t<div class=\"e-con-inner\">\n\t\t\t\t<div class=\"elementor-element elementor-element-e5eed94 elementor-widget elementor-widget-theme-post-title elementor-page-title elementor-widget-heading\" data-id=\"e5eed94\" data-element_type=\"widget\" data-e-type=\"widget\" data-widget_type=\"theme-post-title.default\">\n\t\t\t\t\t<h4 class=\"elementor-heading-title elementor-size-default\">Ombygging<\/h4>\t\t\t\t<\/div>\n\t\t\t\t<div class=\"elementor-element elementor-element-c5e60a6 elementor-widget elementor-widget-text-editor\" data-id=\"c5e60a6\" data-element_type=\"widget\" data-e-type=\"widget\" data-widget_type=\"text-editor.default\">\n\t\t\t\t\t\t\t\t\tOmbygginger p\u00e5 skip og offshore installasjoner\t\t\t\t\t\t\t\t<\/div>\n\t\t\t\t\t<\/div>\n\t\t\t\t<\/a>\n\t\t\t\t<\/div>\n\t\t\t\t<div data-elementor-type=\"loop-item\" data-elementor-id=\"8868\" class=\"elementor elementor-8868 e-loop-item e-loop-item-10613 post-10613 tjeneste type-tjeneste status-publish has-post-thumbnail hentry tjeneste-kategori-agotnes-sveis grve-entry-item\" data-elementor-post-type=\"elementor_library\" data-custom-edit-handle=\"1\">\n\t\t\t<a class=\"elementor-element elementor-element-7685f8b hover-blue e-flex e-con-boxed e-con e-parent\" data-id=\"7685f8b\" data-element_type=\"container\" data-e-type=\"container\" data-settings=\"{&quot;background_background&quot;:&quot;classic&quot;}\" href=\"https:\/\/bmg-as.no\/en\/tjeneste\/reparasjoner\/\">\n\t\t\t\t\t<div class=\"e-con-inner\">\n\t\t\t\t<div class=\"elementor-element elementor-element-e5eed94 elementor-widget elementor-widget-theme-post-title elementor-page-title elementor-widget-heading\" data-id=\"e5eed94\" data-element_type=\"widget\" data-e-type=\"widget\" data-widget_type=\"theme-post-title.default\">\n\t\t\t\t\t<h4 class=\"elementor-heading-title elementor-size-default\">Reparasjoner<\/h4>\t\t\t\t<\/div>\n\t\t\t\t<div class=\"elementor-element elementor-element-c5e60a6 elementor-widget elementor-widget-text-editor\" data-id=\"c5e60a6\" data-element_type=\"widget\" data-e-type=\"widget\" data-widget_type=\"text-editor.default\">\n\t\t\t\t\t\t\t\t\tReparasjoner p\u00e5 skip og offshore installasjoner\t\t\t\t\t\t\t\t<\/div>\n\t\t\t\t\t<\/div>\n\t\t\t\t<\/a>\n\t\t\t\t<\/div>\n\t\t\t\t<\/div>\n\t\t\n\t\t\t\t\t\t<\/div>\n\t\t\t\t<\/div>\n\t\t\t\t\t<\/div>\n\t\t\t\t<\/div>\n\t\t\t\t<\/div>\n\t\t","protected":false},"excerpt":{"rendered":"<p>\u00c5gotnes Sveis V\u00e5re tjenester \u00c5gotnes Sveis leverer tjenester hovedsakelig til Subsea bransjen, men ogs\u00e5 innen Shipping, Industri, Havbruk, bygge bransjen og offshore-bransjen generelt. V\u00e5rt verksted areal er rundt 3 000 m2 med full krandekning for \u00e5 spare oss for tunge l\u00f8ft. Vi har egen rustfri avdeling og vi har ca 10 000 M2 med uteplass. [&hellip;]<\/p>\n","protected":false},"author":1,"featured_media":0,"parent":9777,"menu_order":0,"comment_status":"closed","ping_status":"closed","template":"","meta":{"footnotes":""},"class_list":["post-10597","page","type-page","status-publish","hentry","grve-entry-item"],"_links":{"self":[{"href":"https:\/\/bmg-as.no\/en\/wp-json\/wp\/v2\/pages\/10597","targetHints":{"allow":["GET"]}}],"collection":[{"href":"https:\/\/bmg-as.no\/en\/wp-json\/wp\/v2\/pages"}],"about":[{"href":"https:\/\/bmg-as.no\/en\/wp-json\/wp\/v2\/types\/page"}],"author":[{"embeddable":true,"href":"https:\/\/bmg-as.no\/en\/wp-json\/wp\/v2\/users\/1"}],"replies":[{"embeddable":true,"href":"https:\/\/bmg-as.no\/en\/wp-json\/wp\/v2\/comments?post=10597"}],"version-history":[{"count":3,"href":"https:\/\/bmg-as.no\/en\/wp-json\/wp\/v2\/pages\/10597\/revisions"}],"predecessor-version":[{"id":12081,"href":"https:\/\/bmg-as.no\/en\/wp-json\/wp\/v2\/pages\/10597\/revisions\/12081"}],"up":[{"embeddable":true,"href":"https:\/\/bmg-as.no\/en\/wp-json\/wp\/v2\/pages\/9777"}],"wp:attachment":[{"href":"https:\/\/bmg-as.no\/en\/wp-json\/wp\/v2\/media?parent=10597"}],"curies":[{"name":"wp","href":"https:\/\/api.w.org\/{rel}","templated":true}]}}