{"id":10599,"date":"2026-02-17T15:08:54","date_gmt":"2026-02-17T14:08:54","guid":{"rendered":"https:\/\/bmg-as.no\/?page_id=10599"},"modified":"2026-03-19T13:46:31","modified_gmt":"2026-03-19T12:46:31","slug":"om-oss","status":"publish","type":"page","link":"https:\/\/bmg-as.no\/en\/agotnes-sveis\/om-oss\/","title":{"rendered":"About us"},"content":{"rendered":"<div data-elementor-type=\"wp-page\" data-elementor-id=\"10599\" class=\"elementor elementor-10599\" data-elementor-post-type=\"page\">\n\t\t\t\t<div class=\"elementor-element elementor-element-268be3ff e-flex e-con-boxed e-con e-parent\" data-id=\"268be3ff\" data-element_type=\"container\" data-e-type=\"container\" data-settings=\"{&quot;background_background&quot;:&quot;gradient&quot;}\">\n\t\t\t\t\t<div class=\"e-con-inner\">\n\t\t<div class=\"elementor-element elementor-element-45f52806 e-con-full e-flex e-con e-child\" data-id=\"45f52806\" data-element_type=\"container\" data-e-type=\"container\">\n\t\t\t\t<div class=\"elementor-element elementor-element-b080b4b grve-elementor-align-left elementor-widget elementor-widget-impeka_title\" data-id=\"b080b4b\" data-element_type=\"widget\" data-e-type=\"widget\" data-widget_type=\"impeka_title.default\">\n\t\t\t\t<div class=\"elementor-widget-container\">\n\t\t\t\t\t<h3 class=\"grve-element grve-title grve-h3 grve-text-white\" style=\"margin-bottom: 30px;\"><span>We work with service, maintenance and remodelling on ships and oil\/gas installations across the country.<br><\/span><\/h3>\t\t\t\t<\/div>\n\t\t\t\t<\/div>\n\t\t\t\t<\/div>\n\t\t\t\t\t<\/div>\n\t\t\t\t<\/div>\n\t\t<div class=\"elementor-element elementor-element-66edd5cc e-flex e-con-boxed e-con e-parent\" data-id=\"66edd5cc\" data-element_type=\"container\" data-e-type=\"container\">\n\t\t\t\t\t<div class=\"e-con-inner\">\n\t\t<div class=\"elementor-element elementor-element-2a789688 e-con-full e-flex e-con e-child\" data-id=\"2a789688\" data-element_type=\"container\" data-e-type=\"container\">\n\t\t\t\t<div class=\"elementor-element elementor-element-74ce417 grve-elementor-align-left elementor-widget elementor-widget-impeka_title\" data-id=\"74ce417\" data-element_type=\"widget\" data-e-type=\"widget\" data-widget_type=\"impeka_title.default\">\n\t\t\t\t<div class=\"elementor-widget-container\">\n\t\t\t\t\t<h3 class=\"grve-element grve-title grve-h3 grve-text-primary-3\"><span>Services<br><\/span><\/h3>\t\t\t\t<\/div>\n\t\t\t\t<\/div>\n\t\t\t\t<div class=\"elementor-element elementor-element-bd2eca2 elementor-widget elementor-widget-text-editor\" data-id=\"bd2eca2\" data-element_type=\"widget\" data-e-type=\"widget\" data-widget_type=\"text-editor.default\">\n\t\t\t\t\t\t\t\t\t<p>\u00c5gotnes Sveis provides welding and mechanical services to the industrial, maritime and offshore sectors. We carry out production, assembly, repair and maintenance of steel structures and equipment, as well as customised solutions tailored to the customer's needs - always with a focus on quality and reliable delivery.<\/p>\t\t\t\t\t\t\t\t<\/div>\n\t\t\t\t<div class=\"elementor-element elementor-element-d08d812 elementor-widget elementor-widget-impeka_empty_space\" data-id=\"d08d812\" data-element_type=\"widget\" data-e-type=\"widget\" data-widget_type=\"impeka_empty_space.default\">\n\t\t\t\t<div class=\"elementor-widget-container\">\n\t\t\t\t\t<div class=\"grve-empty-space grve-height-1x\"><\/div>\t\t\t\t<\/div>\n\t\t\t\t<\/div>\n\t\t\t\t<\/div>\n\t\t<div class=\"elementor-element elementor-element-4d632fc e-con-full e-flex e-con e-child\" data-id=\"4d632fc\" data-element_type=\"container\" data-e-type=\"container\">\n\t\t\t\t<div class=\"elementor-element elementor-element-1ded975 grve-elementor-align-left elementor-widget elementor-widget-impeka_title\" data-id=\"1ded975\" data-element_type=\"widget\" data-e-type=\"widget\" data-widget_type=\"impeka_title.default\">\n\t\t\t\t<div class=\"elementor-widget-container\">\n\t\t\t\t\t<h3 class=\"grve-element grve-title grve-h3 grve-text-primary-3\"><span>Certification<br><\/span><\/h3>\t\t\t\t<\/div>\n\t\t\t\t<\/div>\n\t\t\t\t<div class=\"elementor-element elementor-element-11d7b08 elementor-widget elementor-widget-text-editor\" data-id=\"11d7b08\" data-element_type=\"widget\" data-e-type=\"widget\" data-widget_type=\"text-editor.default\">\n\t\t\t\t\t\t\t\t\t<p>\u00c5gotnes Sveis AS is certified in accordance with ISO standards 1090,3834,4500,9001,14001<\/p>\t\t\t\t\t\t\t\t<\/div>\n\t\t\t\t<\/div>\n\t\t\t\t\t<\/div>\n\t\t\t\t<\/div>\n\t\t<div class=\"elementor-element elementor-element-4e18558 e-flex e-con-boxed e-con e-parent\" data-id=\"4e18558\" data-element_type=\"container\" data-e-type=\"container\" data-settings=\"{&quot;background_background&quot;:&quot;classic&quot;}\">\n\t\t\t\t\t<div class=\"e-con-inner\">\n\t\t\t\t\t<\/div>\n\t\t\t\t<\/div>\n\t\t\t\t<\/div>","protected":false},"excerpt":{"rendered":"<p>Vi jobber med service, vedlikehold og ombygging p\u00e5 skip og olje \/ gass installasjoner over hele landet. Tjenester \u00c5gotnes Sveis leverer tjenester innen sveising og mekanisk arbeid til industri, maritim og offshore. Vi utf\u00f8rer produksjon, montering, reparasjon og vedlikehold av st\u00e5lkonstruksjoner og utstyr, samt skreddersydde l\u00f8sninger tilpasset kundens behov \u2013 alltid med fokus p\u00e5 kvalitet [&hellip;]<\/p>\n","protected":false},"author":1,"featured_media":9603,"parent":9777,"menu_order":0,"comment_status":"closed","ping_status":"closed","template":"","meta":{"footnotes":""},"class_list":["post-10599","page","type-page","status-publish","has-post-thumbnail","hentry","grve-entry-item"],"_links":{"self":[{"href":"https:\/\/bmg-as.no\/en\/wp-json\/wp\/v2\/pages\/10599","targetHints":{"allow":["GET"]}}],"collection":[{"href":"https:\/\/bmg-as.no\/en\/wp-json\/wp\/v2\/pages"}],"about":[{"href":"https:\/\/bmg-as.no\/en\/wp-json\/wp\/v2\/types\/page"}],"author":[{"embeddable":true,"href":"https:\/\/bmg-as.no\/en\/wp-json\/wp\/v2\/users\/1"}],"replies":[{"embeddable":true,"href":"https:\/\/bmg-as.no\/en\/wp-json\/wp\/v2\/comments?post=10599"}],"version-history":[{"count":10,"href":"https:\/\/bmg-as.no\/en\/wp-json\/wp\/v2\/pages\/10599\/revisions"}],"predecessor-version":[{"id":12070,"href":"https:\/\/bmg-as.no\/en\/wp-json\/wp\/v2\/pages\/10599\/revisions\/12070"}],"up":[{"embeddable":true,"href":"https:\/\/bmg-as.no\/en\/wp-json\/wp\/v2\/pages\/9777"}],"wp:featuredmedia":[{"embeddable":true,"href":"https:\/\/bmg-as.no\/en\/wp-json\/wp\/v2\/media\/9603"}],"wp:attachment":[{"href":"https:\/\/bmg-as.no\/en\/wp-json\/wp\/v2\/media?parent=10599"}],"curies":[{"name":"wp","href":"https:\/\/api.w.org\/{rel}","templated":true}]}}