{"id":10881,"date":"2026-02-26T15:21:27","date_gmt":"2026-02-26T14:21:27","guid":{"rendered":"https:\/\/bmg-as.no\/?page_id=10881"},"modified":"2026-03-12T12:30:28","modified_gmt":"2026-03-12T11:30:28","slug":"sertifiseringer","status":"publish","type":"page","link":"https:\/\/bmg-as.no\/en\/agotnes-sveis\/sertifiseringer\/","title":{"rendered":"Certifications"},"content":{"rendered":"<div data-elementor-type=\"wp-page\" data-elementor-id=\"10881\" class=\"elementor elementor-10881\" data-elementor-post-type=\"page\">\n\t\t\t\t<div class=\"elementor-element elementor-element-1b070524 e-flex e-con-boxed e-con e-parent\" data-id=\"1b070524\" data-element_type=\"container\" data-e-type=\"container\">\n\t\t\t\t\t<div class=\"e-con-inner\">\n\t\t\t\t<div class=\"elementor-element elementor-element-b7c3e09 grve-elementor-align-left elementor-widget elementor-widget-impeka_title\" data-id=\"b7c3e09\" data-element_type=\"widget\" data-e-type=\"widget\" data-widget_type=\"impeka_title.default\">\n\t\t\t\t<div class=\"elementor-widget-container\">\n\t\t\t\t\t<h3 class=\"grve-element grve-title grve-h3 grve-text-primary-3\" style=\"margin-bottom: 30px;\"><span>Din garanti for kvalitet, sikkerhet og leveranse<br><\/span><\/h3>\t\t\t\t<\/div>\n\t\t\t\t<\/div>\n\t\t\t\t<div class=\"elementor-element elementor-element-a43a9f1 grve-elementor-align-left elementor-widget elementor-widget-impeka_title\" data-id=\"a43a9f1\" data-element_type=\"widget\" data-e-type=\"widget\" data-widget_type=\"impeka_title.default\">\n\t\t\t\t<div class=\"elementor-widget-container\">\n\t\t\t\t\t<h3 class=\"grve-element grve-title grve-leader-text\" style=\"margin-bottom: 30px;\"><span>For \u00e5 sikre h\u00f8y kvalitet, full sporbarhet og trygge arbeidsforhold er vi sertifisert i henhold til anerkjente og relevante ISO-standarder, inkludert ISO 9001, ISO 45001, ISO 14001, ISO 3834-2, ISO 1090-1 \u00a0<br><\/span><\/h3>\t\t\t\t<\/div>\n\t\t\t\t<\/div>\n\t\t<div class=\"elementor-element elementor-element-d8bdfe2 e-con-full e-flex e-con e-child\" data-id=\"d8bdfe2\" data-element_type=\"container\" data-e-type=\"container\">\n\t\t<div class=\"elementor-element elementor-element-bded0ad e-con-full e-flex e-con e-child\" data-id=\"bded0ad\" data-element_type=\"container\" data-e-type=\"container\">\n\t\t\t\t<div class=\"elementor-element elementor-element-5e6f410 elementor-widget elementor-widget-text-editor\" data-id=\"5e6f410\" data-element_type=\"widget\" data-e-type=\"widget\" data-widget_type=\"text-editor.default\">\n\t\t\t\t\t\t\t\t\t<p>Kvalitet, sikkerhet og p\u00e5litelig leveranse er grunnpilarene i arbeidet som utf\u00f8res i BMG Group og selskapene Bergen Mekaniske, Bergen Sveis og Mekaniske og \u00c5gotnes Sveis. For \u00e5 sikre konsekvent h\u00f8y kvalitet, full sporbarhet og trygge arbeidsforhold er virksomhetene sertifisert i henhold til anerkjente og relevante ISO-standarder.<\/p><p>Disse sertifiseringene dokumenterer at v\u00e5re prosesser for konstruksjon, sveising, produksjon og prosjektgjennomf\u00f8ring f\u00f8lger strenge krav til kvalitetssikring, dokumentasjon og kontroll. De sikrer at arbeidet utf\u00f8res riktig \u2013 fra planlegging og materialvalg til ferdig leveranse \u2013 og gir kundene trygghet for at alle leveranser holder et jevnt og h\u00f8yt faglig niv\u00e5.<\/p>\t\t\t\t\t\t\t\t<\/div>\n\t\t\t\t<\/div>\n\t\t<div class=\"elementor-element elementor-element-8d68b74 e-con-full e-flex e-con e-child\" data-id=\"8d68b74\" data-element_type=\"container\" data-e-type=\"container\">\n\t\t\t\t<div class=\"elementor-element elementor-element-d1abf51 elementor-widget elementor-widget-text-editor\" data-id=\"d1abf51\" data-element_type=\"widget\" data-e-type=\"widget\" data-widget_type=\"text-editor.default\">\n\t\t\t\t\t\t\t\t\t<p>Innen HMS og arbeidsmilj\u00f8 bekrefter sertifiseringene at vi arbeider systematisk for \u00e5 forebygge skader, redusere risiko og skape trygge arbeidsplasser. Samtidig stiller milj\u00f8sertifiseringene klare krav til ansvarlig ressursbruk, avfallsh\u00e5ndtering og kontinuerlig forbedring av milj\u00f8p\u00e5virkning.<\/p><p>Sertifiseringene gir trygghet for at leveranser utf\u00f8res i tr\u00e5d med definerte krav til kvalitet, sikkerhet og dokumentasjon \u2013 og at vi er en p\u00e5litelig samarbeidspartner for krevende industriprosjekter, anbud og langsiktige avtaler.<\/p>\t\t\t\t\t\t\t\t<\/div>\n\t\t\t\t<\/div>\n\t\t\t\t<\/div>\n\t\t\t\t<div class=\"elementor-element elementor-element-808cbd4 elementor-widget elementor-widget-spacer\" data-id=\"808cbd4\" data-element_type=\"widget\" data-e-type=\"widget\" data-widget_type=\"spacer.default\">\n\t\t\t\t\t\t\t<div class=\"elementor-spacer\">\n\t\t\t<div class=\"elementor-spacer-inner\"><\/div>\n\t\t<\/div>\n\t\t\t\t\t\t<\/div>\n\t\t\t\t\t<\/div>\n\t\t\t\t<\/div>\n\t\t<div class=\"elementor-element elementor-element-56f023cd e-flex e-con-boxed e-con e-parent\" data-id=\"56f023cd\" data-element_type=\"container\" data-e-type=\"container\" id=\"download\" data-settings=\"{&quot;background_background&quot;:&quot;classic&quot;}\">\n\t\t\t\t\t<div class=\"e-con-inner\">\n\t\t\t\t<div class=\"elementor-element elementor-element-61c0556b grve-elementor-align-center elementor-widget elementor-widget-impeka_title\" data-id=\"61c0556b\" data-element_type=\"widget\" data-e-type=\"widget\" data-widget_type=\"impeka_title.default\">\n\t\t\t\t<div class=\"elementor-widget-container\">\n\t\t\t\t\t<h3 class=\"grve-element grve-title grve-h3 grve-text-primary-3\"><span>Certifications<br><\/span><\/h3>\t\t\t\t<\/div>\n\t\t\t\t<\/div>\n\t\t\t\t<div class=\"elementor-element elementor-element-68e09293 grve-elementor-align-center elementor-widget elementor-widget-impeka_title\" data-id=\"68e09293\" data-element_type=\"widget\" data-e-type=\"widget\" data-widget_type=\"impeka_title.default\">\n\t\t\t\t<div class=\"elementor-widget-container\">\n\t\t\t\t\t<h3 class=\"grve-element grve-title grve-h6 grve-custom-font-1\"><span>\u00c5gotnes Sveis har f\u00f8lgende sertifiseringer og godkjenninger.<br><\/span><\/h3>\t\t\t\t<\/div>\n\t\t\t\t<\/div>\n\t\t\t\t<div class=\"elementor-element elementor-element-5d3fc111 elementor-widget elementor-widget-text-editor\" data-id=\"5d3fc111\" data-element_type=\"widget\" data-e-type=\"widget\" data-widget_type=\"text-editor.default\">\n\t\t\t\t\t\t\t\t\t<p><ul class=\"dlm-downloads\"><li>\n<style type=\"text\/css\">\n\nul li {\n\tlist-style:none;\n}\n\n.dlm-downloads {\n  padding-top:60px;\n  display: grid;\n  grid-template-columns: 1fr 1fr 1fr 1fr;\n  column-gap: 20px;\n  row-gap: 1em;\n  \n}\n\n.download_column {\n \/*  float: left;\n  width: 33.33%;\n  margin-bottom:20px;\n  min-height:130px;\n  padding-right:20px;\n  *\/ \n}\n\n.grve-box-icon .grve-box-title:hover{\n\t\tcolor:#cd541b !important;\n}\n\n\/* Clear floats after the columns *\/\n.download_row:after {\n  content: \"\";\n  display: table;\n  clear: both;\n\n}\n\n.grve-box-icon .grve-wrapper-icon {\n  transition: transform 0.35s cubic-bezier(0.25, 0.46, 0.45, 0.94);\n}\n\n.grve-box-icon:hover .grve-wrapper-icon {\n  transform: translateY(5px);\n}\n  \n  \n  \n  \n\n@media screen and (max-width: 1024px) {\n\n.dlm-downloads {\n  padding-top: 30px;\n  display: grid;\n  grid-template-columns: 1fr 1fr 1fr;\n  column-gap: 20px;\n  row-gap: 0.75em;  \n}\n  \n  ul.dlm-downloads {\n    margin-left:0px;\n  }\n  \n  .grve-h6 {\n    font-size:16px;\n  }\n  \n\n}\n\n@media screen and (max-width: 480px) {\n.dlm-downloads {\n  display: grid;\n  grid-template-columns: 1fr 1fr;\n  column-gap: 20px;\n  row-gap: 0.5em;\n  \n}\n}\n<\/style>\n\t  \n\n\n<div class=\"grve-element grve-box-icon grve-small grve-top-icon grve-align-center\" style=\"margin-bottom: 20px;\">\n<a href=\"https:\/\/bmg-as.no\/en\/download\/10806\/?tmstv=1778356767\">\n<div class=\"grve-wrapper-icon grve-no-shape\" title=\"Last ned dokument\" style=\"\"><i class=\"grve-text-primary-3 fa fa-download\"><\/i><\/div>\n<div class=\"grve-box-content\"><div class=\"grve-box-title-wrapper\">\n<h3 class=\"grve-box-title grve-h6\">ISO 45001:2023 <\/h3>\n  <\/div>\n<p style=\"color:#666; font-weight:400;\">241.96 KB<\/p>  \n<\/div><\/a>\n<\/div>\n<\/li><li>\n<style type=\"text\/css\">\n\nul li {\n\tlist-style:none;\n}\n\n.dlm-downloads {\n  padding-top:60px;\n  display: grid;\n  grid-template-columns: 1fr 1fr 1fr 1fr;\n  column-gap: 20px;\n  row-gap: 1em;\n  \n}\n\n.download_column {\n \/*  float: left;\n  width: 33.33%;\n  margin-bottom:20px;\n  min-height:130px;\n  padding-right:20px;\n  *\/ \n}\n\n.grve-box-icon .grve-box-title:hover{\n\t\tcolor:#cd541b !important;\n}\n\n\/* Clear floats after the columns *\/\n.download_row:after {\n  content: \"\";\n  display: table;\n  clear: both;\n\n}\n\n.grve-box-icon .grve-wrapper-icon {\n  transition: transform 0.35s cubic-bezier(0.25, 0.46, 0.45, 0.94);\n}\n\n.grve-box-icon:hover .grve-wrapper-icon {\n  transform: translateY(5px);\n}\n  \n  \n  \n  \n\n@media screen and (max-width: 1024px) {\n\n.dlm-downloads {\n  padding-top: 30px;\n  display: grid;\n  grid-template-columns: 1fr 1fr 1fr;\n  column-gap: 20px;\n  row-gap: 0.75em;  \n}\n  \n  ul.dlm-downloads {\n    margin-left:0px;\n  }\n  \n  .grve-h6 {\n    font-size:16px;\n  }\n  \n\n}\n\n@media screen and (max-width: 480px) {\n.dlm-downloads {\n  display: grid;\n  grid-template-columns: 1fr 1fr;\n  column-gap: 20px;\n  row-gap: 0.5em;\n  \n}\n}\n<\/style>\n\t  \n\n\n<div class=\"grve-element grve-box-icon grve-small grve-top-icon grve-align-center\" style=\"margin-bottom: 20px;\">\n<a href=\"https:\/\/bmg-as.no\/en\/download\/10800\/?tmstv=1778356767\">\n<div class=\"grve-wrapper-icon grve-no-shape\" title=\"Last ned dokument\" style=\"\"><i class=\"grve-text-primary-3 fa fa-download\"><\/i><\/div>\n<div class=\"grve-box-content\"><div class=\"grve-box-title-wrapper\">\n<h3 class=\"grve-box-title grve-h6\">ISO 3834-2:2021 <\/h3>\n  <\/div>\n<p style=\"color:#666; font-weight:400;\">242.39 KB<\/p>  \n<\/div><\/a>\n<\/div>\n<\/li><li>\n<style type=\"text\/css\">\n\nul li {\n\tlist-style:none;\n}\n\n.dlm-downloads {\n  padding-top:60px;\n  display: grid;\n  grid-template-columns: 1fr 1fr 1fr 1fr;\n  column-gap: 20px;\n  row-gap: 1em;\n  \n}\n\n.download_column {\n \/*  float: left;\n  width: 33.33%;\n  margin-bottom:20px;\n  min-height:130px;\n  padding-right:20px;\n  *\/ \n}\n\n.grve-box-icon .grve-box-title:hover{\n\t\tcolor:#cd541b !important;\n}\n\n\/* Clear floats after the columns *\/\n.download_row:after {\n  content: \"\";\n  display: table;\n  clear: both;\n\n}\n\n.grve-box-icon .grve-wrapper-icon {\n  transition: transform 0.35s cubic-bezier(0.25, 0.46, 0.45, 0.94);\n}\n\n.grve-box-icon:hover .grve-wrapper-icon {\n  transform: translateY(5px);\n}\n  \n  \n  \n  \n\n@media screen and (max-width: 1024px) {\n\n.dlm-downloads {\n  padding-top: 30px;\n  display: grid;\n  grid-template-columns: 1fr 1fr 1fr;\n  column-gap: 20px;\n  row-gap: 0.75em;  \n}\n  \n  ul.dlm-downloads {\n    margin-left:0px;\n  }\n  \n  .grve-h6 {\n    font-size:16px;\n  }\n  \n\n}\n\n@media screen and (max-width: 480px) {\n.dlm-downloads {\n  display: grid;\n  grid-template-columns: 1fr 1fr;\n  column-gap: 20px;\n  row-gap: 0.5em;\n  \n}\n}\n<\/style>\n\t  \n\n\n<div class=\"grve-element grve-box-icon grve-small grve-top-icon grve-align-center\" style=\"margin-bottom: 20px;\">\n<a href=\"https:\/\/bmg-as.no\/en\/download\/10799\/?tmstv=1778356767\">\n<div class=\"grve-wrapper-icon grve-no-shape\" title=\"Last ned dokument\" style=\"\"><i class=\"grve-text-primary-3 fa fa-download\"><\/i><\/div>\n<div class=\"grve-box-content\"><div class=\"grve-box-title-wrapper\">\n<h3 class=\"grve-box-title grve-h6\">ISO 9001:2015 <\/h3>\n  <\/div>\n<p style=\"color:#666; font-weight:400;\">241.96 KB<\/p>  \n<\/div><\/a>\n<\/div>\n<\/li><li>\n<style type=\"text\/css\">\n\nul li {\n\tlist-style:none;\n}\n\n.dlm-downloads {\n  padding-top:60px;\n  display: grid;\n  grid-template-columns: 1fr 1fr 1fr 1fr;\n  column-gap: 20px;\n  row-gap: 1em;\n  \n}\n\n.download_column {\n \/*  float: left;\n  width: 33.33%;\n  margin-bottom:20px;\n  min-height:130px;\n  padding-right:20px;\n  *\/ \n}\n\n.grve-box-icon .grve-box-title:hover{\n\t\tcolor:#cd541b !important;\n}\n\n\/* Clear floats after the columns *\/\n.download_row:after {\n  content: \"\";\n  display: table;\n  clear: both;\n\n}\n\n.grve-box-icon .grve-wrapper-icon {\n  transition: transform 0.35s cubic-bezier(0.25, 0.46, 0.45, 0.94);\n}\n\n.grve-box-icon:hover .grve-wrapper-icon {\n  transform: translateY(5px);\n}\n  \n  \n  \n  \n\n@media screen and (max-width: 1024px) {\n\n.dlm-downloads {\n  padding-top: 30px;\n  display: grid;\n  grid-template-columns: 1fr 1fr 1fr;\n  column-gap: 20px;\n  row-gap: 0.75em;  \n}\n  \n  ul.dlm-downloads {\n    margin-left:0px;\n  }\n  \n  .grve-h6 {\n    font-size:16px;\n  }\n  \n\n}\n\n@media screen and (max-width: 480px) {\n.dlm-downloads {\n  display: grid;\n  grid-template-columns: 1fr 1fr;\n  column-gap: 20px;\n  row-gap: 0.5em;\n  \n}\n}\n<\/style>\n\t  \n\n\n<div class=\"grve-element grve-box-icon grve-small grve-top-icon grve-align-center\" style=\"margin-bottom: 20px;\">\n<a href=\"https:\/\/bmg-as.no\/en\/download\/10796\/?tmstv=1778356767\">\n<div class=\"grve-wrapper-icon grve-no-shape\" title=\"Last ned dokument\" style=\"\"><i class=\"grve-text-primary-3 fa fa-download\"><\/i><\/div>\n<div class=\"grve-box-content\"><div class=\"grve-box-title-wrapper\">\n<h3 class=\"grve-box-title grve-h6\">0435-CPR-0110 <\/h3>\n  <\/div>\n<p style=\"color:#666; font-weight:400;\">192.98 KB<\/p>  \n<\/div><\/a>\n<\/div>\n<\/li><\/ul>\n\t\t\t\t<\/p>\t\t\t\t\t\t\t\t<\/div>\n\t\t\t\t<div class=\"elementor-element elementor-element-25ef2d4 elementor-widget elementor-widget-spacer\" data-id=\"25ef2d4\" data-element_type=\"widget\" data-e-type=\"widget\" data-widget_type=\"spacer.default\">\n\t\t\t\t\t\t\t<div class=\"elementor-spacer\">\n\t\t\t<div class=\"elementor-spacer-inner\"><\/div>\n\t\t<\/div>\n\t\t\t\t\t\t<\/div>\n\t\t\t\t\t<\/div>\n\t\t\t\t<\/div>\n\t\t\t\t<\/div>","protected":false},"excerpt":{"rendered":"<p>Din garanti for kvalitet, sikkerhet og leveranse For \u00e5 sikre h\u00f8y kvalitet, full sporbarhet og trygge arbeidsforhold er vi sertifisert i henhold til anerkjente og relevante ISO-standarder, inkludert ISO 9001, ISO 45001, ISO 14001, ISO 3834-2, ISO 1090-1 \u00a0 Kvalitet, sikkerhet og p\u00e5litelig leveranse er grunnpilarene i arbeidet som utf\u00f8res i BMG Group og selskapene [&hellip;]<\/p>\n","protected":false},"author":1,"featured_media":0,"parent":9777,"menu_order":0,"comment_status":"closed","ping_status":"closed","template":"","meta":{"footnotes":""},"class_list":["post-10881","page","type-page","status-publish","hentry","grve-entry-item"],"_links":{"self":[{"href":"https:\/\/bmg-as.no\/en\/wp-json\/wp\/v2\/pages\/10881","targetHints":{"allow":["GET"]}}],"collection":[{"href":"https:\/\/bmg-as.no\/en\/wp-json\/wp\/v2\/pages"}],"about":[{"href":"https:\/\/bmg-as.no\/en\/wp-json\/wp\/v2\/types\/page"}],"author":[{"embeddable":true,"href":"https:\/\/bmg-as.no\/en\/wp-json\/wp\/v2\/users\/1"}],"replies":[{"embeddable":true,"href":"https:\/\/bmg-as.no\/en\/wp-json\/wp\/v2\/comments?post=10881"}],"version-history":[{"count":0,"href":"https:\/\/bmg-as.no\/en\/wp-json\/wp\/v2\/pages\/10881\/revisions"}],"up":[{"embeddable":true,"href":"https:\/\/bmg-as.no\/en\/wp-json\/wp\/v2\/pages\/9777"}],"wp:attachment":[{"href":"https:\/\/bmg-as.no\/en\/wp-json\/wp\/v2\/media?parent=10881"}],"curies":[{"name":"wp","href":"https:\/\/api.w.org\/{rel}","templated":true}]}}