{"id":11092,"date":"2026-02-26T18:44:02","date_gmt":"2026-02-26T17:44:02","guid":{"rendered":"https:\/\/bmg-as.no\/?page_id=11092"},"modified":"2026-03-01T23:16:31","modified_gmt":"2026-03-01T22:16:31","slug":"apenhet","status":"publish","type":"page","link":"https:\/\/bmg-as.no\/en\/apenhet\/","title":{"rendered":"Transparency Act"},"content":{"rendered":"<div data-elementor-type=\"wp-page\" data-elementor-id=\"11092\" class=\"elementor elementor-11092\" data-elementor-post-type=\"page\">\n\t\t\t\t<div class=\"elementor-element elementor-element-3f455f92 e-flex e-con-boxed e-con e-parent\" data-id=\"3f455f92\" data-element_type=\"container\" data-e-type=\"container\" data-settings=\"{&quot;background_background&quot;:&quot;gradient&quot;}\">\n\t\t\t\t\t<div class=\"e-con-inner\">\n\t\t<div class=\"elementor-element elementor-element-42dbe64a e-con-full e-flex e-con e-child\" data-id=\"42dbe64a\" data-element_type=\"container\" data-e-type=\"container\">\n\t\t\t\t<div class=\"elementor-element elementor-element-ff27d2c grve-elementor-align-left elementor-widget elementor-widget-impeka_title\" data-id=\"ff27d2c\" data-element_type=\"widget\" data-e-type=\"widget\" data-widget_type=\"impeka_title.default\">\n\t\t\t\t<div class=\"elementor-widget-container\">\n\t\t\t\t\t<h3 class=\"grve-element grve-title grve-h6 grve-text-primary-3\"><span>Transparency Act<br><\/span><\/h3>\t\t\t\t<\/div>\n\t\t\t\t<\/div>\n\t\t\t\t<div class=\"elementor-element elementor-element-14e643a9 grve-elementor-align-left elementor-widget elementor-widget-impeka_title\" data-id=\"14e643a9\" data-element_type=\"widget\" data-e-type=\"widget\" data-widget_type=\"impeka_title.default\">\n\t\t\t\t<div class=\"elementor-widget-container\">\n\t\t\t\t\t<h3 class=\"grve-element grve-title grve-h3 grve-text-white\" style=\"margin-bottom: 30px;\"><span>BMG AS works systematically to safeguard human rights and decent working conditions in its own operations and in its supply chains.<br><\/span><\/h3>\t\t\t\t<\/div>\n\t\t\t\t<\/div>\n\t\t\t\t<div class=\"elementor-element elementor-element-6f267c1f elementor-widget elementor-widget-text-editor\" data-id=\"6f267c1f\" data-element_type=\"widget\" data-e-type=\"widget\" data-widget_type=\"text-editor.default\">\n\t\t\t\t\t\t\t\t\t<p>The work is based on the OECD\u2019s guidelines and is carried out through due diligence assessments, follow-up, and open reporting.<\/p><p>Requests for access <span style=\"color: #ffffff;\"><b><a class=\"ms-outlook-linkify\" style=\"color: #ffffff;\" href=\"mailto:post@bmg-as.no\">post@bmg-as.no<\/a><\/b>\u00a0<\/span>(within three weeks).<\/p>\t\t\t\t\t\t\t\t<\/div>\n\t\t\t\t<\/div>\n\t\t\t\t\t<\/div>\n\t\t\t\t<\/div>\n\t\t<div class=\"elementor-element elementor-element-25d228ed e-flex e-con-boxed e-con e-parent\" data-id=\"25d228ed\" data-element_type=\"container\" data-e-type=\"container\">\n\t\t\t\t\t<div class=\"e-con-inner\">\n\t\t<div class=\"elementor-element elementor-element-1f398402 e-con-full e-flex e-con e-child\" data-id=\"1f398402\" data-element_type=\"container\" data-e-type=\"container\">\n\t\t\t\t<div class=\"elementor-element elementor-element-94502e7 grve-elementor-align-left elementor-widget elementor-widget-impeka_title\" data-id=\"94502e7\" data-element_type=\"widget\" data-e-type=\"widget\" data-widget_type=\"impeka_title.default\">\n\t\t\t\t<div class=\"elementor-widget-container\">\n\t\t\t\t\t<h3 class=\"grve-element grve-title grve-h3 grve-text-primary-3\" style=\"margin-bottom: 20px;\"><span>Statement under the Transparency Act<br><\/span><\/h3>\t\t\t\t<\/div>\n\t\t\t\t<\/div>\n\t\t\t\t<div class=\"elementor-element elementor-element-1a9ad3cc elementor-widget elementor-widget-text-editor\" data-id=\"1a9ad3cc\" data-element_type=\"widget\" data-e-type=\"widget\" data-widget_type=\"text-editor.default\">\n\t\t\t\t\t\t\t\t\t<p><strong>Regarding the statement<\/strong><\/p><p>This statement describes how BMG AS, including subsidiaries, works to safeguard fundamental human rights and decent working conditions within its own operations and in our supply chains.<\/p><p>The Transparency Act should:<\/p><ul><li>Promote respect for human rights and good working conditions<\/li><li>Ensure transparency regarding how businesses manage risks associated with this.<\/li><\/ul><p>The work is based on the OECD Guidelines for Responsible Business Conduct and relevant international conventions from the UN and the ILO.<\/p>\t\t\t\t\t\t\t\t<\/div>\n\t\t\t\t<\/div>\n\t\t\t\t\t<\/div>\n\t\t\t\t<\/div>\n\t\t<div class=\"elementor-element elementor-element-a07e996 e-flex e-con-boxed e-con e-parent\" data-id=\"a07e996\" data-element_type=\"container\" data-e-type=\"container\" id=\"two-col-grid\">\n\t\t\t\t\t<div class=\"e-con-inner\">\n\t\t<div class=\"elementor-element elementor-element-1d2f094 e-con-full e-flex e-con e-child\" data-id=\"1d2f094\" data-element_type=\"container\" data-e-type=\"container\">\n\t\t\t\t<div class=\"elementor-element elementor-element-f017112 grve-elementor-align-left elementor-widget elementor-widget-impeka_title\" data-id=\"f017112\" data-element_type=\"widget\" data-e-type=\"widget\" data-widget_type=\"impeka_title.default\">\n\t\t\t\t<div class=\"elementor-widget-container\">\n\t\t\t\t\t<h3 class=\"grve-element grve-title grve-h3 grve-text-primary-3\" style=\"margin-bottom: 20px;\"><span>Anchoring and responsibility<br><\/span><\/h3>\t\t\t\t<\/div>\n\t\t\t\t<\/div>\n\t\t\t\t<div class=\"elementor-element elementor-element-01c6ea2 elementor-widget elementor-widget-text-editor\" data-id=\"01c6ea2\" data-element_type=\"widget\" data-e-type=\"widget\" data-widget_type=\"text-editor.default\">\n\t\t\t\t\t\t\t\t\t<p>Work on the Transparency Act is anchored in the group's management and board. The Group CEO has operational responsibility, with support from the quality and HSE function. BMG AS has a clear goal of responsible, ethical and transparent operations.<\/p><p>Ethical guidelines and a Code of Conduct were established in 2020 and form the basis of our work.<\/p><p>\u00a0<\/p>\t\t\t\t\t\t\t\t<\/div>\n\t\t\t\t<\/div>\n\t\t<div class=\"elementor-element elementor-element-0ed85d6 e-con-full e-flex e-con e-child\" data-id=\"0ed85d6\" data-element_type=\"container\" data-e-type=\"container\">\n\t\t\t\t<div class=\"elementor-element elementor-element-48e37e51 grve-elementor-align-left elementor-widget elementor-widget-impeka_title\" data-id=\"48e37e51\" data-element_type=\"widget\" data-e-type=\"widget\" data-widget_type=\"impeka_title.default\">\n\t\t\t\t<div class=\"elementor-widget-container\">\n\t\t\t\t\t<h3 class=\"grve-element grve-title grve-h3 grve-text-primary-3\" style=\"margin-bottom: 20px;\"><span>Risk assessments<br><\/span><\/h3>\t\t\t\t<\/div>\n\t\t\t\t<\/div>\n\t\t\t\t<div class=\"elementor-element elementor-element-922daab elementor-widget elementor-widget-text-editor\" data-id=\"922daab\" data-element_type=\"widget\" data-e-type=\"widget\" data-widget_type=\"text-editor.default\">\n\t\t\t\t\t\t\t\t\t<p>BMG AS carried out its first comprehensive due diligence assessment in 2024\u20132025 in accordance with the OECD's six-step model. The work includes:<\/p><ul><li>Mapping of own business and supply chains<\/li><li>Human rights and working conditions risk assessment<\/li><li>Preventative and corrective measures<\/li><li>Follow-up through internal control and audits<\/li><li>Open communication and management of any breaches<\/li><\/ul><p><strong>Particular focus has been directed towards:<\/strong><\/p><ul><li>Temporary staff and recruitment agencies<\/li><li>Suppliers and other partners with elevated risk<\/li><\/ul>\t\t\t\t\t\t\t\t<\/div>\n\t\t\t\t<\/div>\n\t\t\t\t\t<\/div>\n\t\t\t\t<\/div>\n\t\t<div class=\"elementor-element elementor-element-bcdf453 e-flex e-con-boxed e-con e-parent\" data-id=\"bcdf453\" data-element_type=\"container\" data-e-type=\"container\">\n\t\t\t\t\t<div class=\"e-con-inner\">\n\t\t<div class=\"elementor-element elementor-element-98bec4c e-con-full e-flex e-con e-child\" data-id=\"98bec4c\" data-element_type=\"container\" data-e-type=\"container\">\n\t\t<div class=\"elementor-element elementor-element-c3355d9 e-con-full e-flex e-con e-child\" data-id=\"c3355d9\" data-element_type=\"container\" data-e-type=\"container\">\n\t\t\t\t<div class=\"elementor-element elementor-element-0a4a4d1 grve-elementor-align-left elementor-widget elementor-widget-impeka_title\" data-id=\"0a4a4d1\" data-element_type=\"widget\" data-e-type=\"widget\" data-widget_type=\"impeka_title.default\">\n\t\t\t\t<div class=\"elementor-widget-container\">\n\t\t\t\t\t<h3 class=\"grve-element grve-title grve-h3 grve-text-primary-3\" style=\"margin-bottom: 20px;\"><span>Identified risk areas<br><\/span><\/h3>\t\t\t\t<\/div>\n\t\t\t\t<\/div>\n\t\t\t\t<div class=\"elementor-element elementor-element-359765e elementor-widget elementor-widget-text-editor\" data-id=\"359765e\" data-element_type=\"widget\" data-e-type=\"widget\" data-widget_type=\"text-editor.default\">\n\t\t\t\t\t\t\t\t\t<p><strong>Internal<\/strong><\/p><ul><li>Risk of high workload and working time challenges<\/li><li>Language and training barriers for hired personnel<\/li><\/ul><p><strong>In supply chains:<\/strong><\/p><ul><li>Risks associated with trade union rights<\/li><li>Inadequate documentation of employment conditions with certain suppliers<\/li><\/ul>\t\t\t\t\t\t\t\t<\/div>\n\t\t\t\t<\/div>\n\t\t<div class=\"elementor-element elementor-element-b740fbd e-con-full e-flex e-con e-child\" data-id=\"b740fbd\" data-element_type=\"container\" data-e-type=\"container\">\n\t\t\t\t<div class=\"elementor-element elementor-element-9bec70a grve-elementor-align-left elementor-widget elementor-widget-impeka_title\" data-id=\"9bec70a\" data-element_type=\"widget\" data-e-type=\"widget\" data-widget_type=\"impeka_title.default\">\n\t\t\t\t<div class=\"elementor-widget-container\">\n\t\t\t\t\t<h3 class=\"grve-element grve-title grve-h3 grve-text-primary-3\" style=\"margin-bottom: 20px;\"><span>Measures and follow-up<br><\/span><\/h3>\t\t\t\t<\/div>\n\t\t\t\t<\/div>\n\t\t\t\t<div class=\"elementor-element elementor-element-862eab3 elementor-widget elementor-widget-text-editor\" data-id=\"862eab3\" data-element_type=\"widget\" data-e-type=\"widget\" data-widget_type=\"text-editor.default\">\n\t\t\t\t\t\t\t\t\t<p>BMG AS has, among other things, implemented the following measures:<\/p><ul><li>Supplier approval and regular follow-up<\/li><li>Health and Safety and Rights Training for Agency Workers<\/li><li>Contractual requirements related to ILO conventions and ISO 45001<\/li><li>Systematic internal control and internal audits<\/li><\/ul>\t\t\t\t\t\t\t\t<\/div>\n\t\t\t\t<\/div>\n\t\t\t\t<\/div>\n\t\t\t\t\t<\/div>\n\t\t\t\t<\/div>\n\t\t<div class=\"elementor-element elementor-element-b254592 e-flex e-con-boxed e-con e-parent\" data-id=\"b254592\" data-element_type=\"container\" data-e-type=\"container\">\n\t\t\t\t\t<div class=\"e-con-inner\">\n\t\t<div class=\"elementor-element elementor-element-ebceebc e-con-full e-flex e-con e-child\" data-id=\"ebceebc\" data-element_type=\"container\" data-e-type=\"container\">\n\t\t<div class=\"elementor-element elementor-element-31e91da e-con-full e-flex e-con e-child\" data-id=\"31e91da\" data-element_type=\"container\" data-e-type=\"container\">\n\t\t\t\t<div class=\"elementor-element elementor-element-0236781 grve-elementor-align-left elementor-widget elementor-widget-impeka_title\" data-id=\"0236781\" data-element_type=\"widget\" data-e-type=\"widget\" data-widget_type=\"impeka_title.default\">\n\t\t\t\t<div class=\"elementor-widget-container\">\n\t\t\t\t\t<h3 class=\"grve-element grve-title grve-h3 grve-text-primary-3\" style=\"margin-bottom: 20px;\"><span>Access and contact<br><\/span><\/h3>\t\t\t\t<\/div>\n\t\t\t\t<\/div>\n\t\t\t\t<div class=\"elementor-element elementor-element-aa3dd1a elementor-widget elementor-widget-text-editor\" data-id=\"aa3dd1a\" data-element_type=\"widget\" data-e-type=\"widget\" data-widget_type=\"text-editor.default\">\n\t\t\t\t\t\t\t\t\t<p>This statement is updated annually and is publicly available.<\/p><p>Everyone has the right to request information on how BMG AS handles human rights and working conditions in its value chain.<\/p><p>Contact: post@bmg-as.no<br \/>Enquiries will be answered within three weeks, in accordance with the Transparency Act \u00a7 6.<\/p><p>\u00a0<\/p>\t\t\t\t\t\t\t\t<\/div>\n\t\t\t\t<\/div>\n\t\t<div class=\"elementor-element elementor-element-e8f73d9 e-con-full e-flex e-con e-child\" data-id=\"e8f73d9\" data-element_type=\"container\" data-e-type=\"container\">\n\t\t\t\t<div class=\"elementor-element elementor-element-d84fd27 grve-elementor-align-left elementor-widget elementor-widget-impeka_title\" data-id=\"d84fd27\" data-element_type=\"widget\" data-e-type=\"widget\" data-widget_type=\"impeka_title.default\">\n\t\t\t\t<div class=\"elementor-widget-container\">\n\t\t\t\t\t<h3 class=\"grve-element grve-title grve-h3 grve-text-primary-3\" style=\"margin-bottom: 20px;\"><span>Further work<br><\/span><\/h3>\t\t\t\t<\/div>\n\t\t\t\t<\/div>\n\t\t\t\t<div class=\"elementor-element elementor-element-0c9df86 elementor-widget elementor-widget-text-editor\" data-id=\"0c9df86\" data-element_type=\"widget\" data-e-type=\"widget\" data-widget_type=\"text-editor.default\">\n\t\t\t\t\t\t\t\t\t<ul><li>Further development of supplier management in a new ERP system<\/li><li>Dialogue with high-risk suppliers<\/li><li>Strengthened training and leadership understanding<\/li><li>Closer integration with existing ISO-certified management systems<\/li><\/ul>\t\t\t\t\t\t\t\t<\/div>\n\t\t\t\t<\/div>\n\t\t\t\t<\/div>\n\t\t\t\t\t<\/div>\n\t\t\t\t<\/div>\n\t\t<div class=\"elementor-element elementor-element-3ca6b0a e-flex e-con-boxed e-con e-parent\" data-id=\"3ca6b0a\" data-element_type=\"container\" data-e-type=\"container\">\n\t\t\t\t\t<div class=\"e-con-inner\">\n\t\t\t\t<div class=\"elementor-element elementor-element-10b8603 grve-elementor-align-left elementor-widget elementor-widget-impeka_title\" data-id=\"10b8603\" data-element_type=\"widget\" data-e-type=\"widget\" data-widget_type=\"impeka_title.default\">\n\t\t\t\t<div class=\"elementor-widget-container\">\n\t\t\t\t\t<h3 class=\"grve-element grve-title grve-h3 grve-text-primary-3\" style=\"margin-bottom: 50px;\"><span>Approved by the Board of Directors of BMG AS<br><\/span><\/h3>\t\t\t\t<\/div>\n\t\t\t\t<\/div>\n\t\t<div class=\"elementor-element elementor-element-49193f1 e-con-full e-flex e-con e-child\" data-id=\"49193f1\" data-element_type=\"container\" data-e-type=\"container\">\n\t\t<div class=\"elementor-element elementor-element-28bcc46 e-con-full e-flex e-con e-child\" data-id=\"28bcc46\" data-element_type=\"container\" data-e-type=\"container\">\n\t\t\t\t<div class=\"elementor-element elementor-element-29efa0c grve-elementor-align-left elementor-widget elementor-widget-impeka_title\" data-id=\"29efa0c\" data-element_type=\"widget\" data-e-type=\"widget\" data-widget_type=\"impeka_title.default\">\n\t\t\t\t<div class=\"elementor-widget-container\">\n\t\t\t\t\t<h3 class=\"grve-element grve-title grve-subtitle-text\" style=\"margin-bottom: 20px;\"><span>OECD model<br><\/span><\/h3>\t\t\t\t<\/div>\n\t\t\t\t<\/div>\n\t\t\t\t<div class=\"elementor-element elementor-element-d30c510 elementor-widget elementor-widget-image\" data-id=\"d30c510\" data-element_type=\"widget\" data-e-type=\"widget\" data-widget_type=\"image.default\">\n\t\t\t\t\t\t\t\t\t\t\t\t\t\t\t\t<a href=\"https:\/\/bmg-as.no\/cms\/wp-content\/uploads\/2026\/02\/bmg_oecdmodell.png\" data-elementor-open-lightbox=\"yes\" data-elementor-lightbox-title=\"bmg_oecdmodell\" data-e-action-hash=\"#elementor-action%3Aaction%3Dlightbox%26settings%3DeyJpZCI6MTEwOTYsInVybCI6Imh0dHBzOlwvXC9ibWctYXMubm9cL2Ntc1wvd3AtY29udGVudFwvdXBsb2Fkc1wvMjAyNlwvMDJcL2JtZ19vZWNkbW9kZWxsLnBuZyJ9\">\n\t\t\t\t\t\t\t<img fetchpriority=\"high\" decoding=\"async\" width=\"625\" height=\"389\" src=\"https:\/\/bmg-as.no\/cms\/wp-content\/uploads\/2026\/02\/bmg_oecdmodell.png\" class=\"attachment-large size-large wp-image-11096\" alt=\"\" srcset=\"https:\/\/bmg-as.no\/cms\/wp-content\/uploads\/2026\/02\/bmg_oecdmodell.png 625w, https:\/\/bmg-as.no\/cms\/wp-content\/uploads\/2026\/02\/bmg_oecdmodell-300x187.png 300w\" sizes=\"(max-width: 625px) 100vw, 625px\" \/>\t\t\t\t\t\t\t\t<\/a>\n\t\t\t\t\t\t\t\t\t\t\t\t\t\t\t<\/div>\n\t\t\t\t<\/div>\n\t\t<div class=\"elementor-element elementor-element-0fd04f4 e-con-full e-flex e-con e-child\" data-id=\"0fd04f4\" data-element_type=\"container\" data-e-type=\"container\">\n\t\t\t\t<div class=\"elementor-element elementor-element-3b2ad28 grve-elementor-align-left elementor-widget elementor-widget-impeka_title\" data-id=\"3b2ad28\" data-element_type=\"widget\" data-e-type=\"widget\" data-widget_type=\"impeka_title.default\">\n\t\t\t\t<div class=\"elementor-widget-container\">\n\t\t\t\t\t<h3 class=\"grve-element grve-title grve-subtitle-text\" style=\"margin-bottom: 20px;\"><span>Consumer protection model<br><\/span><\/h3>\t\t\t\t<\/div>\n\t\t\t\t<\/div>\n\t\t\t\t<div class=\"elementor-element elementor-element-b0ad1f8 elementor-widget elementor-widget-image\" data-id=\"b0ad1f8\" data-element_type=\"widget\" data-e-type=\"widget\" data-widget_type=\"image.default\">\n\t\t\t\t\t\t\t\t\t\t\t\t\t\t\t\t<a href=\"https:\/\/bmg-as.no\/cms\/wp-content\/uploads\/2026\/02\/bmg_forbrukertilsynmodell.png\" data-elementor-open-lightbox=\"yes\" data-elementor-lightbox-title=\"bmg_forbrukertilsynmodell\" data-e-action-hash=\"#elementor-action%3Aaction%3Dlightbox%26settings%3DeyJpZCI6MTEwOTUsInVybCI6Imh0dHBzOlwvXC9ibWctYXMubm9cL2Ntc1wvd3AtY29udGVudFwvdXBsb2Fkc1wvMjAyNlwvMDJcL2JtZ19mb3JicnVrZXJ0aWxzeW5tb2RlbGwucG5nIn0%3D\">\n\t\t\t\t\t\t\t<img decoding=\"async\" width=\"590\" height=\"502\" src=\"https:\/\/bmg-as.no\/cms\/wp-content\/uploads\/2026\/02\/bmg_forbrukertilsynmodell.png\" class=\"attachment-large size-large wp-image-11095\" alt=\"\" srcset=\"https:\/\/bmg-as.no\/cms\/wp-content\/uploads\/2026\/02\/bmg_forbrukertilsynmodell.png 590w, https:\/\/bmg-as.no\/cms\/wp-content\/uploads\/2026\/02\/bmg_forbrukertilsynmodell-300x255.png 300w\" sizes=\"(max-width: 590px) 100vw, 590px\" \/>\t\t\t\t\t\t\t\t<\/a>\n\t\t\t\t\t\t\t\t\t\t\t\t\t\t\t<\/div>\n\t\t\t\t<\/div>\n\t\t\t\t<\/div>\n\t\t\t\t\t<\/div>\n\t\t\t\t<\/div>\n\t\t<div class=\"elementor-element elementor-element-7d0942eb e-flex e-con-boxed e-con e-parent\" data-id=\"7d0942eb\" data-element_type=\"container\" data-e-type=\"container\" data-settings=\"{&quot;background_background&quot;:&quot;classic&quot;}\">\n\t\t\t\t\t<div class=\"e-con-inner\">\n\t\t<div class=\"elementor-element elementor-element-347d9ac e-con-full e-flex e-con e-child\" data-id=\"347d9ac\" data-element_type=\"container\" data-e-type=\"container\">\n\t\t\t\t<div class=\"elementor-element elementor-element-d14703e grve-elementor-align-left elementor-widget elementor-widget-impeka_title\" data-id=\"d14703e\" data-element_type=\"widget\" data-e-type=\"widget\" data-widget_type=\"impeka_title.default\">\n\t\t\t\t<div class=\"elementor-widget-container\">\n\t\t\t\t\t<h3 class=\"grve-element grve-title grve-h2 grve-text-white\" style=\"margin-bottom: 30px;\"><span>A sustainable partner<br><\/span><\/h3>\t\t\t\t<\/div>\n\t\t\t\t<\/div>\n\t\t\t\t<div class=\"elementor-element elementor-element-23b6f22 grve-elementor-align-left elementor-widget elementor-widget-impeka_title\" data-id=\"23b6f22\" data-element_type=\"widget\" data-e-type=\"widget\" data-widget_type=\"impeka_title.default\">\n\t\t\t\t<div class=\"elementor-widget-container\">\n\t\t\t\t\t<h3 class=\"grve-element grve-title grve-leader-text grve-text-white\" style=\"margin-bottom: 30px;\"><span>Through quality, environmental management, health and safety, energy efficiency, information security, and ethical business operations, we help to protect people, the environment, and values \u2013 while building a more robust and sustainable future.<br><\/span><\/h3>\t\t\t\t<\/div>\n\t\t\t\t<\/div>\n\t\t\t\t<\/div>\n\t\t\t\t\t<\/div>\n\t\t\t\t<\/div>\n\t\t\t\t<\/div>","protected":false},"excerpt":{"rendered":"<p>\u00c5penhetsloven BMG AS arbeider systematisk for \u00e5 ivareta menneskerettigheter og anstendige arbeidsforhold i egen virksomhet og i v\u00e5re leverand\u00f8rkjeder Arbeidet er basert p\u00e5 OECDs retningslinjer og gjennomf\u00f8res gjennom aktsomhetsvurderinger, oppf\u00f8lging og \u00e5pen rapportering. Innsynsforesp\u00f8rsler: post@bmg-as.no\u00a0(svares innen tre uker). Redegj\u00f8relse etter \u00e5penhetsloven Om redegj\u00f8relsen Denne redegj\u00f8relsen beskriver hvordan BMG AS, inkludert datterselskaper, arbeider for \u00e5 ivareta [&hellip;]<\/p>\n","protected":false},"author":1,"featured_media":0,"parent":0,"menu_order":0,"comment_status":"closed","ping_status":"closed","template":"","meta":{"footnotes":""},"class_list":["post-11092","page","type-page","status-publish","hentry","grve-entry-item"],"_links":{"self":[{"href":"https:\/\/bmg-as.no\/en\/wp-json\/wp\/v2\/pages\/11092","targetHints":{"allow":["GET"]}}],"collection":[{"href":"https:\/\/bmg-as.no\/en\/wp-json\/wp\/v2\/pages"}],"about":[{"href":"https:\/\/bmg-as.no\/en\/wp-json\/wp\/v2\/types\/page"}],"author":[{"embeddable":true,"href":"https:\/\/bmg-as.no\/en\/wp-json\/wp\/v2\/users\/1"}],"replies":[{"embeddable":true,"href":"https:\/\/bmg-as.no\/en\/wp-json\/wp\/v2\/comments?post=11092"}],"version-history":[{"count":0,"href":"https:\/\/bmg-as.no\/en\/wp-json\/wp\/v2\/pages\/11092\/revisions"}],"wp:attachment":[{"href":"https:\/\/bmg-as.no\/en\/wp-json\/wp\/v2\/media?parent=11092"}],"curies":[{"name":"wp","href":"https:\/\/api.w.org\/{rel}","templated":true}]}}