{"id":3,"date":"2025-11-06T16:02:37","date_gmt":"2025-11-06T16:02:37","guid":{"rendered":"https:\/\/bmgroup.creato.no\/cms\/?page_id=3"},"modified":"2026-03-13T14:23:17","modified_gmt":"2026-03-13T13:23:17","slug":"personvern","status":"publish","type":"page","link":"https:\/\/bmg-as.no\/en\/personvern\/","title":{"rendered":"Privacy"},"content":{"rendered":"<blockquote><p>The website <strong>bmg-as.no<\/strong> provides information about <strong>Bergen Mechanical Group<\/strong> and the companies in the Group: Bergen Mekaniske, Bergen Sveis og Mekaniske and \u00c5gotnes Sveis.<\/p>\n<p>We are committed to safeguarding the privacy of everyone who visits our website. On this page we explain how we collect and use information.<\/p><\/blockquote>\n<h3>Information cookies (cookies)<\/h3>\n<p>We use cookies to ensure that the website works properly and to improve the user experience.<\/p>\n<p>A cookie is a small text file that is stored in your browser when you visit a website. Among other things, it can be used to analyse traffic and understand how visitors use the website.<\/p>\n<p>Most browsers accept cookies automatically, but you can change your browser settings if you wish to block or delete them.<\/p>\n<h3>Analysis of website usage<\/h3>\n<p>In order to improve the website, we use analysis tools that record anonymous statistics about the use of the website.<\/p>\n<h3>Google Analytics<\/h3>\n<p>We use Google Analytics to analyse traffic and usage patterns. The information is only used for statistics and improvement of the website, and does not contain information that can identify you as a person.<\/p>\n<h3>Google Tag Manager<\/h3>\n<p>Google Tag Manager is used to manage analytics tools and tracking codes on the website. This makes it possible to measure website usage and improve functionality and content.<\/p>\n<h3>Information you provide yourself<\/h3>\n<p>On some pages you can contact us via a form. The information you provide is only used to:<\/p>\n<ul>\n<li>answering enquiries<\/li>\n<li>follow up on requests for services or information<\/li>\n<\/ul>\n<p>Providing such information is voluntary, but without it we may have limited ability to process your request.<\/p>\n<h3>Managing or deleting cookies<\/h3>\n<p>You can delete or block cookies in your browser at any time. This is done in the settings of your browser.<\/p>\n<p>Guides are available for, among other things:<\/p>\n<ul>\n<li>Google Chrome<\/li>\n<li>Safari<\/li>\n<li>Firefox<\/li>\n<li>Microsoft Edge<\/li>\n<\/ul>\n<p>Please note that some functions on the website may not work as well if cookies are blocked.<\/p>","protected":false},"excerpt":{"rendered":"<p>Nettsiden bmg-as.no gir informasjon om Bergen Mechanical Group og selskapene i konsernet: Bergen Mekaniske, Bergen Sveis og Mekaniske og \u00c5gotnes Sveis. Vi er opptatt av \u00e5 ivareta personvernet til alle som bes\u00f8ker nettstedet v\u00e5rt. P\u00e5 denne siden forklarer vi hvordan vi samler inn og bruker informasjon. Informasjonskapsler (cookies) Vi bruker informasjonskapsler for \u00e5 sikre at [&hellip;]<\/p>\n","protected":false},"author":1,"featured_media":0,"parent":0,"menu_order":0,"comment_status":"closed","ping_status":"open","template":"","meta":{"footnotes":""},"class_list":["post-3","page","type-page","status-publish","hentry","grve-entry-item"],"_links":{"self":[{"href":"https:\/\/bmg-as.no\/en\/wp-json\/wp\/v2\/pages\/3","targetHints":{"allow":["GET"]}}],"collection":[{"href":"https:\/\/bmg-as.no\/en\/wp-json\/wp\/v2\/pages"}],"about":[{"href":"https:\/\/bmg-as.no\/en\/wp-json\/wp\/v2\/types\/page"}],"author":[{"embeddable":true,"href":"https:\/\/bmg-as.no\/en\/wp-json\/wp\/v2\/users\/1"}],"replies":[{"embeddable":true,"href":"https:\/\/bmg-as.no\/en\/wp-json\/wp\/v2\/comments?post=3"}],"version-history":[{"count":11,"href":"https:\/\/bmg-as.no\/en\/wp-json\/wp\/v2\/pages\/3\/revisions"}],"predecessor-version":[{"id":11852,"href":"https:\/\/bmg-as.no\/en\/wp-json\/wp\/v2\/pages\/3\/revisions\/11852"}],"wp:attachment":[{"href":"https:\/\/bmg-as.no\/en\/wp-json\/wp\/v2\/media?parent=3"}],"curies":[{"name":"wp","href":"https:\/\/api.w.org\/{rel}","templated":true}]}}