{"id":8750,"date":"2025-12-16T10:17:01","date_gmt":"2025-12-16T09:17:01","guid":{"rendered":"https:\/\/bmgroup.creato.no\/?page_id=8750"},"modified":"2026-02-27T12:04:09","modified_gmt":"2026-02-27T11:04:09","slug":"tjenester","status":"publish","type":"page","link":"https:\/\/bmg-as.no\/en\/bergenmekaniske\/tjenester\/","title":{"rendered":"Services"},"content":{"rendered":"\t\t<div data-elementor-type=\"wp-page\" data-elementor-id=\"8750\" class=\"elementor elementor-8750\" data-elementor-post-type=\"page\">\n\t\t\t\t<div class=\"elementor-element elementor-element-15880cff e-flex e-con-boxed e-con e-parent\" data-id=\"15880cff\" data-element_type=\"container\" data-e-type=\"container\" data-settings=\"{&quot;background_background&quot;:&quot;gradient&quot;}\">\n\t\t\t\t\t<div class=\"e-con-inner\">\n\t\t<div class=\"elementor-element elementor-element-4a21bb18 e-con-full e-flex e-con e-child\" data-id=\"4a21bb18\" data-element_type=\"container\" data-e-type=\"container\">\n\t\t\t\t<div class=\"elementor-element elementor-element-8fb6c88 grve-elementor-align-left elementor-widget elementor-widget-impeka_title\" data-id=\"8fb6c88\" data-element_type=\"widget\" data-e-type=\"widget\" data-widget_type=\"impeka_title.default\">\n\t\t\t\t<div class=\"elementor-widget-container\">\n\t\t\t\t\t<h3 class=\"grve-element grve-title grve-h3 grve-text-primary-3\" style=\"margin-bottom: 30px;\"><span>V\u00e5re tjenester<br><\/span><\/h3>\t\t\t\t<\/div>\n\t\t\t\t<\/div>\n\t\t\t\t<div class=\"elementor-element elementor-element-2d3b23c grve-elementor-align-left elementor-widget elementor-widget-impeka_title\" data-id=\"2d3b23c\" data-element_type=\"widget\" data-e-type=\"widget\" data-widget_type=\"impeka_title.default\">\n\t\t\t\t<div class=\"elementor-widget-container\">\n\t\t\t\t\t<h3 class=\"grve-element grve-title grve-h3 grve-text-white\" style=\"margin-bottom: 30px;\"><span>Bergen Mekaniske AS tilbyr komplette mekaniske tjenester \u2013 fra id\u00e9 og konstruksjon til ferdig sammenstilt og installert l\u00f8sning.<br><\/span><\/h3>\t\t\t\t<\/div>\n\t\t\t\t<\/div>\n\t\t\t\t<div class=\"elementor-element elementor-element-71de86bf elementor-widget elementor-widget-text-editor\" data-id=\"71de86bf\" data-element_type=\"widget\" data-e-type=\"widget\" data-widget_type=\"text-editor.default\">\n\t\t\t\t\t\t\t\t\t<p>Vi utf\u00f8rer sammenstilling in-house og gjennomf\u00f8rer gjerne FAT (Factory Acceptance Test) i samarbeid med kunde. V\u00e5r monteringsavdeling bist\u00e5r ogs\u00e5 med installasjon og montering b\u00e5de under og etter produksjon, ved behov.<\/p>\t\t\t\t\t\t\t\t<\/div>\n\t\t\t\t<\/div>\n\t\t\t\t\t<\/div>\n\t\t\t\t<\/div>\n\t\t<div class=\"elementor-element elementor-element-c07395f e-flex e-con-boxed e-con e-parent\" data-id=\"c07395f\" data-element_type=\"container\" data-e-type=\"container\">\n\t\t\t\t\t<div class=\"e-con-inner\">\n\t\t\t\t<div class=\"elementor-element elementor-element-312ef68 elementor-grid-3 elementor-grid-tablet-2 elementor-grid-mobile-1 elementor-widget elementor-widget-loop-grid\" data-id=\"312ef68\" data-element_type=\"widget\" data-e-type=\"widget\" data-settings=\"{&quot;template_id&quot;:&quot;8868&quot;,&quot;_skin&quot;:&quot;post&quot;,&quot;columns&quot;:&quot;3&quot;,&quot;columns_tablet&quot;:&quot;2&quot;,&quot;columns_mobile&quot;:&quot;1&quot;,&quot;edit_handle_selector&quot;:&quot;[data-elementor-type=\\&quot;loop-item\\&quot;]&quot;,&quot;row_gap&quot;:{&quot;unit&quot;:&quot;px&quot;,&quot;size&quot;:&quot;&quot;,&quot;sizes&quot;:[]},&quot;row_gap_tablet&quot;:{&quot;unit&quot;:&quot;px&quot;,&quot;size&quot;:&quot;&quot;,&quot;sizes&quot;:[]},&quot;row_gap_mobile&quot;:{&quot;unit&quot;:&quot;px&quot;,&quot;size&quot;:&quot;&quot;,&quot;sizes&quot;:[]}}\" data-widget_type=\"loop-grid.post\">\n\t\t\t\t<div class=\"elementor-widget-container\">\n\t\t\t\t\t\t\t<div class=\"elementor-loop-container elementor-grid\" role=\"list\">\n\t\t<style id=\"loop-8868\">.elementor-8868 .elementor-element.elementor-element-7685f8b{--display:flex;--min-height:280px;--flex-direction:column;--container-widget-width:calc( ( 1 - var( --container-widget-flex-grow ) ) * 100% );--container-widget-height:initial;--container-widget-flex-grow:0;--container-widget-align-self:initial;--flex-wrap-mobile:wrap;--align-items:stretch;--background-transition:0.3s;--overlay-opacity:1;border-style:solid;--border-style:solid;border-width:0px 0px 4px 0px;--border-top-width:0px;--border-right-width:0px;--border-bottom-width:4px;--border-left-width:0px;border-color:var( --e-global-color-c832fda );--border-color:var( --e-global-color-c832fda );--border-radius:0px 0px 0px 0px;--margin-top:0px;--margin-bottom:0px;--margin-left:0px;--margin-right:0px;--padding-top:40px;--padding-bottom:40px;--padding-left:40px;--padding-right:40px;}.elementor-8868 .elementor-element.elementor-element-7685f8b::before, .elementor-8868 .elementor-element.elementor-element-7685f8b > .elementor-background-video-container::before, .elementor-8868 .elementor-element.elementor-element-7685f8b > .e-con-inner > .elementor-background-video-container::before, .elementor-8868 .elementor-element.elementor-element-7685f8b > .elementor-background-slideshow::before, .elementor-8868 .elementor-element.elementor-element-7685f8b > .e-con-inner > .elementor-background-slideshow::before, .elementor-8868 .elementor-element.elementor-element-7685f8b > .elementor-motion-effects-container > .elementor-motion-effects-layer::before{--background-overlay:'';}.elementor-8868 .elementor-element.elementor-element-7685f8b:hover::before, .elementor-8868 .elementor-element.elementor-element-7685f8b:hover > .elementor-background-video-container::before, .elementor-8868 .elementor-element.elementor-element-7685f8b:hover > .e-con-inner > .elementor-background-video-container::before, .elementor-8868 .elementor-element.elementor-element-7685f8b > .elementor-background-slideshow:hover::before, .elementor-8868 .elementor-element.elementor-element-7685f8b > .e-con-inner > .elementor-background-slideshow:hover::before{--background-overlay:'';}.elementor-8868 .elementor-element.elementor-element-7685f8b:hover{--overlay-opacity:0.5;border-style:solid;border-width:0px 0px 4px 0px;--border-top-width:0px;--border-right-width:0px;--border-bottom-width:4px;--border-left-width:0px;border-color:var( --e-global-color-c832fda );--border-color:var( --e-global-color-c832fda );--border-radius:0px 0px 0px 0px;--border-top-left-radius:0px;--border-top-right-radius:0px;--border-bottom-right-radius:0px;--border-bottom-left-radius:0px;}.elementor-8868 .elementor-element.elementor-element-7685f8b, .elementor-8868 .elementor-element.elementor-element-7685f8b::before{--border-transition:0.3s;}.elementor-8868 .elementor-element.elementor-element-7685f8b.e-con{--align-self:stretch;}.elementor-widget-theme-post-title .elementor-heading-title{font-family:var( --e-global-typography-primary-font-family ), Sans-serif;font-weight:var( --e-global-typography-primary-font-weight );color:var( --e-global-color-primary );}.elementor-8868 .elementor-element.elementor-element-e5eed94 .elementor-heading-title a:hover, .elementor-8868 .elementor-element.elementor-element-e5eed94 .elementor-heading-title a:focus{color:var( --e-global-color-6cb8f2f );}.elementor-8868 .elementor-element.elementor-element-e5eed94{padding:0px 0px 10px 0px;}.elementor-widget-text-editor{font-family:var( --e-global-typography-text-font-family ), Sans-serif;font-weight:var( --e-global-typography-text-font-weight );color:var( --e-global-color-text );}.elementor-widget-text-editor.elementor-drop-cap-view-stacked .elementor-drop-cap{background-color:var( --e-global-color-primary );}.elementor-widget-text-editor.elementor-drop-cap-view-framed .elementor-drop-cap, .elementor-widget-text-editor.elementor-drop-cap-view-default .elementor-drop-cap{color:var( --e-global-color-primary );border-color:var( --e-global-color-primary );}@media(max-width:767px){.elementor-8868 .elementor-element.elementor-element-7685f8b{--min-height:180px;}}\/* Start custom CSS for container, class: .elementor-element-7685f8b *\/\/* Hover: bl\u00e5 container + hvit tekst *\/\n\n\n\/* Industriell, subtil hover-effekt *\/\n.hover-blue {\n    background-color: #f6f8fa; \/* veldig lys base *\/\n    transition:\n        background 0.45s cubic-bezier(0.4, 0, 0.2, 1),\n        box-shadow 0.45s ease,\n        transform 0.45s ease;\n    will-change: transform;\n}\n\n\/* Hover state *\/\n.hover-blue:hover {\n    background: linear-gradient(\n        135deg,\n        #0e2b4d 0%,\n        #123a63 100%\n    );\n    box-shadow:\n        0 8px 24px rgba(14, 43, 77, 0.18);\n    transform: translateY(-2px);\n}\n\n\/* Tekst \u2013 ikke helt hvit *\/\n.hover-blue:hover,\n.hover-blue:hover * {\n    color: #f2f4f6 !important;\n}\n\n\/* Ikoner *\/\n.hover-blue:hover svg,\n.hover-blue:hover svg path {\n    fill: #f2f4f6 !important;\n}\/* End custom CSS *\/<\/style>\t\t<div data-elementor-type=\"loop-item\" data-elementor-id=\"8868\" class=\"elementor elementor-8868 e-loop-item e-loop-item-10376 post-10376 tjeneste type-tjeneste status-publish has-post-thumbnail hentry tjeneste-kategori-bergenmekaniske tjeneste-kategori-bsm grve-entry-item\" data-elementor-post-type=\"elementor_library\" data-custom-edit-handle=\"1\">\n\t\t\t<a class=\"elementor-element elementor-element-7685f8b hover-blue e-flex e-con-boxed e-con e-parent\" data-id=\"7685f8b\" data-element_type=\"container\" data-e-type=\"container\" data-settings=\"{&quot;background_background&quot;:&quot;classic&quot;}\" href=\"https:\/\/bmg-as.no\/en\/tjeneste\/offshore\/\">\n\t\t\t\t\t<div class=\"e-con-inner\">\n\t\t\t\t<div class=\"elementor-element elementor-element-e5eed94 elementor-widget elementor-widget-theme-post-title elementor-page-title elementor-widget-heading\" data-id=\"e5eed94\" data-element_type=\"widget\" data-e-type=\"widget\" data-widget_type=\"theme-post-title.default\">\n\t\t\t\t\t<h4 class=\"elementor-heading-title elementor-size-default\">Offshore<\/h4>\t\t\t\t<\/div>\n\t\t\t\t<div class=\"elementor-element elementor-element-c5e60a6 elementor-widget elementor-widget-text-editor\" data-id=\"c5e60a6\" data-element_type=\"widget\" data-e-type=\"widget\" data-widget_type=\"text-editor.default\">\n\t\t\t\t\t\t\t\t\tVedlikehold for fart\u00f8y og rigger, fabrikasjon og modifikasjon av st\u00e5lkonstruksjoner, r\u00f8rarbeid og seafastening.\t\t\t\t\t\t\t\t<\/div>\n\t\t\t\t\t<\/div>\n\t\t\t\t<\/a>\n\t\t\t\t<\/div>\n\t\t\t\t<div data-elementor-type=\"loop-item\" data-elementor-id=\"8868\" class=\"elementor elementor-8868 e-loop-item e-loop-item-10387 post-10387 tjeneste type-tjeneste status-publish has-post-thumbnail hentry tjeneste-kategori-bergenmekaniske tjeneste-kategori-bsm grve-entry-item\" data-elementor-post-type=\"elementor_library\" data-custom-edit-handle=\"1\">\n\t\t\t<a class=\"elementor-element elementor-element-7685f8b hover-blue e-flex e-con-boxed e-con e-parent\" data-id=\"7685f8b\" data-element_type=\"container\" data-e-type=\"container\" data-settings=\"{&quot;background_background&quot;:&quot;classic&quot;}\" href=\"https:\/\/bmg-as.no\/en\/tjeneste\/bygg\/\">\n\t\t\t\t\t<div class=\"e-con-inner\">\n\t\t\t\t<div class=\"elementor-element elementor-element-e5eed94 elementor-widget elementor-widget-theme-post-title elementor-page-title elementor-widget-heading\" data-id=\"e5eed94\" data-element_type=\"widget\" data-e-type=\"widget\" data-widget_type=\"theme-post-title.default\">\n\t\t\t\t\t<h4 class=\"elementor-heading-title elementor-size-default\">Bygg<\/h4>\t\t\t\t<\/div>\n\t\t\t\t<div class=\"elementor-element elementor-element-c5e60a6 elementor-widget elementor-widget-text-editor\" data-id=\"c5e60a6\" data-element_type=\"widget\" data-e-type=\"widget\" data-widget_type=\"text-editor.default\">\n\t\t\t\t\t\t\t\t\tVi leverer st\u00e5lfabrikasjon og montasjest\u00f8tte for entrepren\u00f8rer\t\t\t\t\t\t\t\t<\/div>\n\t\t\t\t\t<\/div>\n\t\t\t\t<\/a>\n\t\t\t\t<\/div>\n\t\t\t\t<div data-elementor-type=\"loop-item\" data-elementor-id=\"8868\" class=\"elementor elementor-8868 e-loop-item e-loop-item-10385 post-10385 tjeneste type-tjeneste status-publish has-post-thumbnail hentry tjeneste-kategori-bergenmekaniske tjeneste-kategori-bsm grve-entry-item\" data-elementor-post-type=\"elementor_library\" data-custom-edit-handle=\"1\">\n\t\t\t<a class=\"elementor-element elementor-element-7685f8b hover-blue e-flex e-con-boxed e-con e-parent\" data-id=\"7685f8b\" data-element_type=\"container\" data-e-type=\"container\" data-settings=\"{&quot;background_background&quot;:&quot;classic&quot;}\" href=\"https:\/\/bmg-as.no\/en\/tjeneste\/havbruk\/\">\n\t\t\t\t\t<div class=\"e-con-inner\">\n\t\t\t\t<div class=\"elementor-element elementor-element-e5eed94 elementor-widget elementor-widget-theme-post-title elementor-page-title elementor-widget-heading\" data-id=\"e5eed94\" data-element_type=\"widget\" data-e-type=\"widget\" data-widget_type=\"theme-post-title.default\">\n\t\t\t\t\t<h4 class=\"elementor-heading-title elementor-size-default\">Havbruk<\/h4>\t\t\t\t<\/div>\n\t\t\t\t<div class=\"elementor-element elementor-element-c5e60a6 elementor-widget elementor-widget-text-editor\" data-id=\"c5e60a6\" data-element_type=\"widget\" data-e-type=\"widget\" data-widget_type=\"text-editor.default\">\n\t\t\t\t\t\t\t\t\tVi bist\u00e5r havbrukskunder med sveisede og maskinerte komponenter i st\u00e5l og aluminium, tilpasset lokalitet og drift\t\t\t\t\t\t\t\t<\/div>\n\t\t\t\t\t<\/div>\n\t\t\t\t<\/a>\n\t\t\t\t<\/div>\n\t\t\t\t<div data-elementor-type=\"loop-item\" data-elementor-id=\"8868\" class=\"elementor elementor-8868 e-loop-item e-loop-item-10381 post-10381 tjeneste type-tjeneste status-publish has-post-thumbnail hentry tjeneste-kategori-bergenmekaniske tjeneste-kategori-bsm grve-entry-item\" data-elementor-post-type=\"elementor_library\" data-custom-edit-handle=\"1\">\n\t\t\t<a class=\"elementor-element elementor-element-7685f8b hover-blue e-flex e-con-boxed e-con e-parent\" data-id=\"7685f8b\" data-element_type=\"container\" data-e-type=\"container\" data-settings=\"{&quot;background_background&quot;:&quot;classic&quot;}\" href=\"https:\/\/bmg-as.no\/en\/tjeneste\/industri\/\">\n\t\t\t\t\t<div class=\"e-con-inner\">\n\t\t\t\t<div class=\"elementor-element elementor-element-e5eed94 elementor-widget elementor-widget-theme-post-title elementor-page-title elementor-widget-heading\" data-id=\"e5eed94\" data-element_type=\"widget\" data-e-type=\"widget\" data-widget_type=\"theme-post-title.default\">\n\t\t\t\t\t<h4 class=\"elementor-heading-title elementor-size-default\">Industri<\/h4>\t\t\t\t<\/div>\n\t\t\t\t<div class=\"elementor-element elementor-element-c5e60a6 elementor-widget elementor-widget-text-editor\" data-id=\"c5e60a6\" data-element_type=\"widget\" data-e-type=\"widget\" data-widget_type=\"text-editor.default\">\n\t\t\t\t\t\t\t\t\tVi produserer og modifiserer st\u00e5lkonstruksjoner, r\u00f8rsystemer og mekaniske komponenter\t\t\t\t\t\t\t\t<\/div>\n\t\t\t\t\t<\/div>\n\t\t\t\t<\/a>\n\t\t\t\t<\/div>\n\t\t\t\t<div data-elementor-type=\"loop-item\" data-elementor-id=\"8868\" class=\"elementor elementor-8868 e-loop-item e-loop-item-10372 post-10372 tjeneste type-tjeneste status-publish has-post-thumbnail hentry tjeneste-kategori-bergenmekaniske tjeneste-kategori-bsm grve-entry-item\" data-elementor-post-type=\"elementor_library\" data-custom-edit-handle=\"1\">\n\t\t\t<a class=\"elementor-element elementor-element-7685f8b hover-blue e-flex e-con-boxed e-con e-parent\" data-id=\"7685f8b\" data-element_type=\"container\" data-e-type=\"container\" data-settings=\"{&quot;background_background&quot;:&quot;classic&quot;}\" href=\"https:\/\/bmg-as.no\/en\/tjeneste\/subsea\/\">\n\t\t\t\t\t<div class=\"e-con-inner\">\n\t\t\t\t<div class=\"elementor-element elementor-element-e5eed94 elementor-widget elementor-widget-theme-post-title elementor-page-title elementor-widget-heading\" data-id=\"e5eed94\" data-element_type=\"widget\" data-e-type=\"widget\" data-widget_type=\"theme-post-title.default\">\n\t\t\t\t\t<h4 class=\"elementor-heading-title elementor-size-default\">Subsea<\/h4>\t\t\t\t<\/div>\n\t\t\t\t<div class=\"elementor-element elementor-element-c5e60a6 elementor-widget elementor-widget-text-editor\" data-id=\"c5e60a6\" data-element_type=\"widget\" data-e-type=\"widget\" data-widget_type=\"text-editor.default\">\n\t\t\t\t\t\t\t\t\tBergen Mekaniske AS tilbyr komplette mekaniske tjenester\t\t\t\t\t\t\t\t<\/div>\n\t\t\t\t\t<\/div>\n\t\t\t\t<\/a>\n\t\t\t\t<\/div>\n\t\t\t\t<div data-elementor-type=\"loop-item\" data-elementor-id=\"8868\" class=\"elementor elementor-8868 e-loop-item e-loop-item-11162 post-11162 tjeneste type-tjeneste status-publish has-post-thumbnail hentry tjeneste-kategori-bergenmekaniske tjeneste-kategori-bsm grve-entry-item\" data-elementor-post-type=\"elementor_library\" data-custom-edit-handle=\"1\">\n\t\t\t<a class=\"elementor-element elementor-element-7685f8b hover-blue e-flex e-con-boxed e-con e-parent\" data-id=\"7685f8b\" data-element_type=\"container\" data-e-type=\"container\" data-settings=\"{&quot;background_background&quot;:&quot;classic&quot;}\" href=\"https:\/\/bmg-as.no\/en\/tjeneste\/maskinering\/\">\n\t\t\t\t\t<div class=\"e-con-inner\">\n\t\t\t\t<div class=\"elementor-element elementor-element-e5eed94 elementor-widget elementor-widget-theme-post-title elementor-page-title elementor-widget-heading\" data-id=\"e5eed94\" data-element_type=\"widget\" data-e-type=\"widget\" data-widget_type=\"theme-post-title.default\">\n\t\t\t\t\t<h4 class=\"elementor-heading-title elementor-size-default\">Maskinering<\/h4>\t\t\t\t<\/div>\n\t\t\t\t<div class=\"elementor-element elementor-element-c5e60a6 elementor-widget elementor-widget-text-editor\" data-id=\"c5e60a6\" data-element_type=\"widget\" data-e-type=\"widget\" data-widget_type=\"text-editor.default\">\n\t\t\t\t\t\t\t\t\tMaskineringskapasiteten v\u00e5r dekker b\u00e5de enkeltkomponenter og serieproduksjon, og kan kombineres med sveis, plate og r\u00f8r \t\t\t\t\t\t\t\t<\/div>\n\t\t\t\t\t<\/div>\n\t\t\t\t<\/a>\n\t\t\t\t<\/div>\n\t\t\t\t<\/div>\n\t\t\n\t\t\t\t\t\t<\/div>\n\t\t\t\t<\/div>\n\t\t\t\t\t<\/div>\n\t\t\t\t<\/div>\n\t\t<div class=\"elementor-element elementor-element-01acb7f e-flex e-con-boxed e-con e-parent\" data-id=\"01acb7f\" data-element_type=\"container\" data-e-type=\"container\" data-settings=\"{&quot;background_background&quot;:&quot;classic&quot;}\">\n\t\t\t\t\t<div class=\"e-con-inner\">\n\t\t\t\t\t<\/div>\n\t\t\t\t<\/div>\n\t\t\t\t<\/div>\n\t\t","protected":false},"excerpt":{"rendered":"<p>V\u00e5re tjenester Bergen Mekaniske AS tilbyr komplette mekaniske tjenester \u2013 fra id\u00e9 og konstruksjon til ferdig sammenstilt og installert l\u00f8sning. Vi utf\u00f8rer sammenstilling in-house og gjennomf\u00f8rer gjerne FAT (Factory Acceptance Test) i samarbeid med kunde. V\u00e5r monteringsavdeling bist\u00e5r ogs\u00e5 med installasjon og montering b\u00e5de under og etter produksjon, ved behov.<\/p>","protected":false},"author":1,"featured_media":0,"parent":83,"menu_order":0,"comment_status":"closed","ping_status":"closed","template":"","meta":{"footnotes":""},"class_list":["post-8750","page","type-page","status-publish","hentry","grve-entry-item"],"_links":{"self":[{"href":"https:\/\/bmg-as.no\/en\/wp-json\/wp\/v2\/pages\/8750","targetHints":{"allow":["GET"]}}],"collection":[{"href":"https:\/\/bmg-as.no\/en\/wp-json\/wp\/v2\/pages"}],"about":[{"href":"https:\/\/bmg-as.no\/en\/wp-json\/wp\/v2\/types\/page"}],"author":[{"embeddable":true,"href":"https:\/\/bmg-as.no\/en\/wp-json\/wp\/v2\/users\/1"}],"replies":[{"embeddable":true,"href":"https:\/\/bmg-as.no\/en\/wp-json\/wp\/v2\/comments?post=8750"}],"version-history":[{"count":0,"href":"https:\/\/bmg-as.no\/en\/wp-json\/wp\/v2\/pages\/8750\/revisions"}],"up":[{"embeddable":true,"href":"https:\/\/bmg-as.no\/en\/wp-json\/wp\/v2\/pages\/83"}],"wp:attachment":[{"href":"https:\/\/bmg-as.no\/en\/wp-json\/wp\/v2\/media?parent=8750"}],"curies":[{"name":"wp","href":"https:\/\/api.w.org\/{rel}","templated":true}]}}