{"id":8849,"date":"2025-12-16T20:25:37","date_gmt":"2025-12-16T19:25:37","guid":{"rendered":"https:\/\/bmgroup.creato.no\/?page_id=8849"},"modified":"2026-02-11T18:54:07","modified_gmt":"2026-02-11T17:54:07","slug":"om-oss","status":"publish","type":"page","link":"https:\/\/bmg-as.no\/en\/bergenmekaniske\/om-oss\/","title":{"rendered":"About us"},"content":{"rendered":"<div data-elementor-type=\"wp-page\" data-elementor-id=\"8849\" class=\"elementor elementor-8849\" data-elementor-post-type=\"page\">\n\t\t\t\t<div class=\"elementor-element elementor-element-268be3ff e-flex e-con-boxed e-con e-parent\" data-id=\"268be3ff\" data-element_type=\"container\" data-e-type=\"container\" data-settings=\"{&quot;background_background&quot;:&quot;gradient&quot;}\">\n\t\t\t\t\t<div class=\"e-con-inner\">\n\t\t<div class=\"elementor-element elementor-element-45f52806 e-con-full e-flex e-con e-child\" data-id=\"45f52806\" data-element_type=\"container\" data-e-type=\"container\">\n\t\t\t\t<div class=\"elementor-element elementor-element-b080b4b grve-elementor-align-left elementor-widget elementor-widget-impeka_title\" data-id=\"b080b4b\" data-element_type=\"widget\" data-e-type=\"widget\" data-widget_type=\"impeka_title.default\">\n\t\t\t\t<div class=\"elementor-widget-container\">\n\t\t\t\t\t<h3 class=\"grve-element grve-title grve-h3 grve-text-white\" style=\"margin-bottom: 30px;\"><span>Bergen Mekaniske AS is a modern mechanical workshop located in Hylkje.\u00a0<br><\/span><\/h3>\t\t\t\t<\/div>\n\t\t\t\t<\/div>\n\t\t\t\t<div class=\"elementor-element elementor-element-4d566ba elementor-widget elementor-widget-text-editor\" data-id=\"4d566ba\" data-element_type=\"widget\" data-e-type=\"widget\" data-widget_type=\"text-editor.default\">\n\t\t\t\t\t\t\t\t\t<p>We deliver high-precision mechanical fabrication and machining in carbon steel, aluminum and stainless steel. With solid professional expertise and modern production solutions, we are a reliable partner for both small and large projects.<\/p>\t\t\t\t\t\t\t\t<\/div>\n\t\t\t\t<\/div>\n\t\t\t\t\t<\/div>\n\t\t\t\t<\/div>\n\t\t<div class=\"elementor-element elementor-element-66edd5cc e-flex e-con-boxed e-con e-parent\" data-id=\"66edd5cc\" data-element_type=\"container\" data-e-type=\"container\">\n\t\t\t\t\t<div class=\"e-con-inner\">\n\t\t<div class=\"elementor-element elementor-element-2a789688 e-con-full e-flex e-con e-child\" data-id=\"2a789688\" data-element_type=\"container\" data-e-type=\"container\">\n\t\t\t\t<div class=\"elementor-element elementor-element-74ce417 grve-elementor-align-left elementor-widget elementor-widget-impeka_title\" data-id=\"74ce417\" data-element_type=\"widget\" data-e-type=\"widget\" data-widget_type=\"impeka_title.default\">\n\t\t\t\t<div class=\"elementor-widget-container\">\n\t\t\t\t\t<h3 class=\"grve-element grve-title grve-h3 grve-text-primary-3\"><span>Services<br><\/span><\/h3>\t\t\t\t<\/div>\n\t\t\t\t<\/div>\n\t\t\t\t<div class=\"elementor-element elementor-element-bd2eca2 elementor-widget elementor-widget-text-editor\" data-id=\"bd2eca2\" data-element_type=\"widget\" data-e-type=\"widget\" data-widget_type=\"text-editor.default\">\n\t\t\t\t\t\t\t\t\t<p>We perform everything from series production of small and large components to the fabrication of complex structures for land-based facilities, transportation projects, wind power and the offshore industry. Our broad capacity makes us flexible and able to adapt deliveries to customer needs.<\/p><p>The workshop at Hylkje is modern and efficiently arranged, with separate halls for carbon steel and precious metals to ensure quality and avoid contamination. Each hall is equipped with a 10-ton overhead crane, which allows safe and efficient handling of large structures.<\/p>\t\t\t\t\t\t\t\t<\/div>\n\t\t\t\t<div class=\"elementor-element elementor-element-d08d812 elementor-widget elementor-widget-impeka_empty_space\" data-id=\"d08d812\" data-element_type=\"widget\" data-e-type=\"widget\" data-widget_type=\"impeka_empty_space.default\">\n\t\t\t\t<div class=\"elementor-widget-container\">\n\t\t\t\t\t<div class=\"grve-empty-space grve-height-1x\"><\/div>\t\t\t\t<\/div>\n\t\t\t\t<\/div>\n\t\t\t\t<\/div>\n\t\t<div class=\"elementor-element elementor-element-4d632fc e-con-full e-flex e-con e-child\" data-id=\"4d632fc\" data-element_type=\"container\" data-e-type=\"container\">\n\t\t\t\t<div class=\"elementor-element elementor-element-a56e76d grve-elementor-align-left elementor-widget elementor-widget-impeka_title\" data-id=\"a56e76d\" data-element_type=\"widget\" data-e-type=\"widget\" data-widget_type=\"impeka_title.default\">\n\t\t\t\t<div class=\"elementor-widget-container\">\n\t\t\t\t\t<h3 class=\"grve-element grve-title grve-h3 grve-text-primary-3\"><span>Forward-looking<br><\/span><\/h3>\t\t\t\t<\/div>\n\t\t\t\t<\/div>\n\t\t\t\t<div class=\"elementor-element elementor-element-d1233c2 elementor-widget elementor-widget-text-editor\" data-id=\"d1233c2\" data-element_type=\"widget\" data-e-type=\"widget\" data-widget_type=\"text-editor.default\">\n\t\t\t\t\t\t\t\t\t<p>Bergen Mekaniske AS has a clear focus on further development, including within robotization and investment in new, future-oriented production equipment. We are also an approved training company and actively use the apprenticeship scheme to recruit and develop the mechanical skilled workers of the future.<\/p>\t\t\t\t\t\t\t\t<\/div>\n\t\t\t\t<div class=\"elementor-element elementor-element-a6c489b elementor-widget elementor-widget-spacer\" data-id=\"a6c489b\" data-element_type=\"widget\" data-e-type=\"widget\" data-widget_type=\"spacer.default\">\n\t\t\t\t\t\t\t<div class=\"elementor-spacer\">\n\t\t\t<div class=\"elementor-spacer-inner\"><\/div>\n\t\t<\/div>\n\t\t\t\t\t\t<\/div>\n\t\t\t\t<div class=\"elementor-element elementor-element-1ded975 grve-elementor-align-left elementor-widget elementor-widget-impeka_title\" data-id=\"1ded975\" data-element_type=\"widget\" data-e-type=\"widget\" data-widget_type=\"impeka_title.default\">\n\t\t\t\t<div class=\"elementor-widget-container\">\n\t\t\t\t\t<h3 class=\"grve-element grve-title grve-h3 grve-text-primary-3\"><span>Certification<br><\/span><\/h3>\t\t\t\t<\/div>\n\t\t\t\t<\/div>\n\t\t\t\t<div class=\"elementor-element elementor-element-11d7b08 elementor-widget elementor-widget-text-editor\" data-id=\"11d7b08\" data-element_type=\"widget\" data-e-type=\"widget\" data-widget_type=\"text-editor.default\">\n\t\t\t\t\t\t\t\t\t<p>To ensure high quality, traceability and safe working conditions, we are certified according to relevant ISO standards, including ISO 1090, ISO 3834, ISO 45001, ISO 9001 and ISO 14001.<\/p>\t\t\t\t\t\t\t\t<\/div>\n\t\t\t\t<\/div>\n\t\t\t\t\t<\/div>\n\t\t\t\t<\/div>\n\t\t<div class=\"elementor-element elementor-element-4e18558 e-flex e-con-boxed e-con e-parent\" data-id=\"4e18558\" data-element_type=\"container\" data-e-type=\"container\" data-settings=\"{&quot;background_background&quot;:&quot;classic&quot;}\">\n\t\t\t\t\t<div class=\"e-con-inner\">\n\t\t\t\t\t<\/div>\n\t\t\t\t<\/div>\n\t\t<div class=\"elementor-element elementor-element-728665a1 e-flex e-con-boxed e-con e-parent\" data-id=\"728665a1\" data-element_type=\"container\" data-e-type=\"container\" data-settings=\"{&quot;background_background&quot;:&quot;gradient&quot;}\">\n\t\t\t\t\t<div class=\"e-con-inner\">\n\t\t\t\t<div class=\"elementor-element elementor-element-32667df9 grve-elementor-align-left elementor-widget elementor-widget-impeka_slogan\" data-id=\"32667df9\" data-element_type=\"widget\" data-e-type=\"widget\" data-widget_type=\"impeka_slogan.default\">\n\t\t\t\t<div class=\"elementor-widget-container\">\n\t\t\t\t\t<div class=\"grve-element grve-slogan\"><h2 class=\"grve-slogan-title grve-h3 grve-text-white\" style=\"\"><span>Sustainability<\/span><\/h2><p class=\"grve-leader-text grve-text-white\">BMG AS is committed to responsible, safe and sustainable value creation.\u00a0<\/p><div class=\"grve-btn-wrapper\"><a href=\"https:\/\/bmgroup.creato.no\/barekraft\/\" class=\"grve-btn grve-square grve-bg-primary-3 grve-border-primary-3 grve-bg-hover-black grve-border-hover-black grve-text-white grve-text-hover-white grve-btn-medium\">\r\n\t\t<span>Read more<\/span>\r\n\t\t\t\t\t\t\t<\/a><\/div><\/div>\t\t\t\t<\/div>\n\t\t\t\t<\/div>\n\t\t\t\t\t<\/div>\n\t\t\t\t<\/div>\n\t\t\t\t<\/div>","protected":false},"excerpt":{"rendered":"<p>Bergen Mekaniske AS er et moderne mekanisk verksted lokalisert p\u00e5 Hylkje.\u00a0 Vi leverer mekanisk fabrikasjon og maskinering med h\u00f8y presisjon i karbonst\u00e5l, aluminium og rustfritt st\u00e5l. Med solid fagkompetanse og moderne produksjonsl\u00f8sninger er vi en p\u00e5litelig samarbeidspartner for b\u00e5de sm\u00e5 og store oppdrag. Tjenester Vi utf\u00f8rer alt fra serieproduksjon av mindre og st\u00f8rre komponenter til [&hellip;]<\/p>\n","protected":false},"author":1,"featured_media":9731,"parent":83,"menu_order":0,"comment_status":"closed","ping_status":"closed","template":"","meta":{"footnotes":""},"class_list":["post-8849","page","type-page","status-publish","has-post-thumbnail","hentry","grve-entry-item"],"_links":{"self":[{"href":"https:\/\/bmg-as.no\/en\/wp-json\/wp\/v2\/pages\/8849","targetHints":{"allow":["GET"]}}],"collection":[{"href":"https:\/\/bmg-as.no\/en\/wp-json\/wp\/v2\/pages"}],"about":[{"href":"https:\/\/bmg-as.no\/en\/wp-json\/wp\/v2\/types\/page"}],"author":[{"embeddable":true,"href":"https:\/\/bmg-as.no\/en\/wp-json\/wp\/v2\/users\/1"}],"replies":[{"embeddable":true,"href":"https:\/\/bmg-as.no\/en\/wp-json\/wp\/v2\/comments?post=8849"}],"version-history":[{"count":1,"href":"https:\/\/bmg-as.no\/en\/wp-json\/wp\/v2\/pages\/8849\/revisions"}],"predecessor-version":[{"id":12189,"href":"https:\/\/bmg-as.no\/en\/wp-json\/wp\/v2\/pages\/8849\/revisions\/12189"}],"up":[{"embeddable":true,"href":"https:\/\/bmg-as.no\/en\/wp-json\/wp\/v2\/pages\/83"}],"wp:featuredmedia":[{"embeddable":true,"href":"https:\/\/bmg-as.no\/en\/wp-json\/wp\/v2\/media\/9731"}],"wp:attachment":[{"href":"https:\/\/bmg-as.no\/en\/wp-json\/wp\/v2\/media?parent=8849"}],"curies":[{"name":"wp","href":"https:\/\/api.w.org\/{rel}","templated":true}]}}