{"id":9404,"date":"2026-01-11T12:22:19","date_gmt":"2026-01-11T11:22:19","guid":{"rendered":"https:\/\/bmgroup.creato.no\/?page_id=9404"},"modified":"2026-04-07T11:18:14","modified_gmt":"2026-04-07T10:18:14","slug":"barekraft","status":"publish","type":"page","link":"https:\/\/bmg-as.no\/en\/barekraft\/","title":{"rendered":"Barekraft"},"content":{"rendered":"<div data-elementor-type=\"wp-page\" data-elementor-id=\"9404\" class=\"elementor elementor-9404\" data-elementor-post-type=\"page\">\n\t\t\t\t<div class=\"elementor-element elementor-element-3f455f92 e-flex e-con-boxed e-con e-parent\" data-id=\"3f455f92\" data-element_type=\"container\" data-e-type=\"container\" data-settings=\"{&quot;background_background&quot;:&quot;gradient&quot;}\">\n\t\t\t\t\t<div class=\"e-con-inner\">\n\t\t<div class=\"elementor-element elementor-element-42dbe64a e-con-full e-flex e-con e-child\" data-id=\"42dbe64a\" data-element_type=\"container\" data-e-type=\"container\">\n\t\t\t\t<div class=\"elementor-element elementor-element-ff27d2c grve-elementor-align-left elementor-widget elementor-widget-impeka_title\" data-id=\"ff27d2c\" data-element_type=\"widget\" data-e-type=\"widget\" data-widget_type=\"impeka_title.default\">\n\t\t\t\t<div class=\"elementor-widget-container\">\n\t\t\t\t\t<h3 class=\"grve-element grve-title grve-h6 grve-text-primary-3\"><span>Sustainability commitment<br><\/span><\/h3>\t\t\t\t<\/div>\n\t\t\t\t<\/div>\n\t\t\t\t<div class=\"elementor-element elementor-element-14e643a9 grve-elementor-align-left elementor-widget elementor-widget-impeka_title\" data-id=\"14e643a9\" data-element_type=\"widget\" data-e-type=\"widget\" data-widget_type=\"impeka_title.default\">\n\t\t\t\t<div class=\"elementor-widget-container\">\n\t\t\t\t\t<h3 class=\"grve-element grve-title grve-h3 grve-text-white\" style=\"margin-bottom: 30px;\"><span>BMG AS is committed to responsible, safe and sustainable value creation.\u00a0<br><\/span><\/h3>\t\t\t\t<\/div>\n\t\t\t\t<\/div>\n\t\t\t\t<div class=\"elementor-element elementor-element-6f267c1f elementor-widget elementor-widget-text-editor\" data-id=\"6f267c1f\" data-element_type=\"widget\" data-e-type=\"widget\" data-widget_type=\"text-editor.default\">\n\t\t\t\t\t\t\t\t\t<p>Our management system is based on recognised standards and legal requirements, and we continuously improve our processes to meet the expectations of customers, authorities, and society.\u00a0\u00a0<\/p>\t\t\t\t\t\t\t\t<\/div>\n\t\t\t\t<\/div>\n\t\t\t\t\t<\/div>\n\t\t\t\t<\/div>\n\t\t<div class=\"elementor-element elementor-element-25d228ed e-flex e-con-boxed e-con e-parent\" data-id=\"25d228ed\" data-element_type=\"container\" data-e-type=\"container\">\n\t\t\t\t\t<div class=\"e-con-inner\">\n\t\t<div class=\"elementor-element elementor-element-1f398402 e-con-full e-flex e-con e-child\" data-id=\"1f398402\" data-element_type=\"container\" data-e-type=\"container\">\n\t\t\t\t<div class=\"elementor-element elementor-element-1a9ad3cc elementor-widget elementor-widget-text-editor\" data-id=\"1a9ad3cc\" data-element_type=\"widget\" data-e-type=\"widget\" data-widget_type=\"text-editor.default\">\n\t\t\t\t\t\t\t\t\t<p>We operate with certified systems according to ISO 9001, 3834.2, EN 1090-2, ISO 14001 and ISO 45001, and are further developing our management with reference to ISO 50001, ISO 27001, ISO 37001 ISO 26000\/53002* as well as the UN Global Compact and relevant Sustainable Development Goals (SDG*).<\/p><p>BMG is aware that regulations and reporting requirements impose limitations and CAPs (reporting caps and statutory frameworks). These are necessary to ensure accountability and fair competition. At the same time, we see endless opportunities as technology, data, energy solutions, value chains, and expertise develop.<\/p>\t\t\t\t\t\t\t\t<\/div>\n\t\t\t\t<div class=\"elementor-element elementor-element-84caccf elementor-widget elementor-widget-spacer\" data-id=\"84caccf\" data-element_type=\"widget\" data-e-type=\"widget\" data-widget_type=\"spacer.default\">\n\t\t\t\t\t\t\t<div class=\"elementor-spacer\">\n\t\t\t<div class=\"elementor-spacer-inner\"><\/div>\n\t\t<\/div>\n\t\t\t\t\t\t<\/div>\n\t\t\t\t<div class=\"elementor-element elementor-element-94502e7 grve-elementor-align-left elementor-widget elementor-widget-impeka_title\" data-id=\"94502e7\" data-element_type=\"widget\" data-e-type=\"widget\" data-widget_type=\"impeka_title.default\">\n\t\t\t\t<div class=\"elementor-widget-container\">\n\t\t\t\t\t<h3 class=\"grve-element grve-title grve-h3 grve-text-primary-3\" style=\"margin-bottom: 30px;\"><span>Strategy<br><\/span><\/h3>\t\t\t\t<\/div>\n\t\t\t\t<\/div>\n\t\t\t\t<div class=\"elementor-element elementor-element-01c6ea2 elementor-widget elementor-widget-text-editor\" data-id=\"01c6ea2\" data-element_type=\"widget\" data-e-type=\"widget\" data-widget_type=\"text-editor.default\">\n\t\t\t\t\t\t\t\t\t<ul><li>Comply with all requirements and frameworks, and proactively manage risk<\/li><li>Explore new opportunities for streamlining, digitisation, lower emissions, and smarter collaboration<\/li><\/ul><p>Through quality, environmental management, health and safety, energy efficiency, information security, and ethical business operations, we help to protect people, the environment, and values \u2013 while building a more robust and sustainable future.<\/p><p>BMG AS wishes to be a partner for responsible development, and an actor that both respects the boundaries \u2013 and explores the opportunities beyond them.<\/p>\t\t\t\t\t\t\t\t<\/div>\n\t\t\t\t<\/div>\n\t\t\t\t\t<\/div>\n\t\t\t\t<\/div>\n\t\t<div class=\"elementor-element elementor-element-eb21cbe e-con-full e-flex e-con e-parent\" data-id=\"eb21cbe\" data-element_type=\"container\" data-e-type=\"container\">\n\t\t\t\t<div class=\"elementor-element elementor-element-41bcdcc grve-elementor-align-left elementor-widget elementor-widget-impeka_image_single\" data-id=\"41bcdcc\" data-element_type=\"widget\" data-e-type=\"widget\" data-widget_type=\"impeka_image_single.default\">\n\t\t\t\t<div class=\"elementor-widget-container\">\n\t\t\t\t\t<div class=\"grve-element grve-image\">\r\n\t<div class=\"grve-image-item\">\r\n\t\t\r\n\r\n<div class=\"grve-image-wrapper grve-none\">\r\n\t\t<div class=\"grve-thumbnail-wrapper\"  style=\"width: 2560px;\"><div class=\"grve-thumbnail\"  style=\"padding-top: 54.531%;\"><img loading=\"lazy\" decoding=\"async\" width=\"2560\" height=\"1396\" src=\"https:\/\/bmg-as.no\/cms\/wp-content\/uploads\/2026\/04\/barekraftsforpliktelse-scaled.jpg\" class=\"attachment-full size-full\" alt=\"\" data-column-space=\"auto\" data-lazyload=\"\" data-grve-filter=\"yes\" srcset=\"https:\/\/bmg-as.no\/cms\/wp-content\/uploads\/2026\/04\/barekraftsforpliktelse-scaled.jpg 2560w, https:\/\/bmg-as.no\/cms\/wp-content\/uploads\/2026\/04\/barekraftsforpliktelse-300x164.jpg 300w, https:\/\/bmg-as.no\/cms\/wp-content\/uploads\/2026\/04\/barekraftsforpliktelse-1024x559.jpg 1024w, https:\/\/bmg-as.no\/cms\/wp-content\/uploads\/2026\/04\/barekraftsforpliktelse-768x419.jpg 768w, https:\/\/bmg-as.no\/cms\/wp-content\/uploads\/2026\/04\/barekraftsforpliktelse-1536x838.jpg 1536w, https:\/\/bmg-as.no\/cms\/wp-content\/uploads\/2026\/04\/barekraftsforpliktelse-18x10.jpg 18w\" sizes=\"auto, (max-width: 2560px) 100vw, 2560px\" \/><\/div><\/div>\t<\/div>\r\n\t<\/div>\r\n<\/div>\r\n\t\t\t\t<\/div>\n\t\t\t\t<\/div>\n\t\t\t\t<\/div>\n\t\t<div class=\"elementor-element elementor-element-4fc04f34 e-flex e-con-boxed e-con e-parent\" data-id=\"4fc04f34\" data-element_type=\"container\" data-e-type=\"container\">\n\t\t\t\t\t<div class=\"e-con-inner\">\n\t\t<div class=\"elementor-element elementor-element-eac7e7a e-con-full e-flex e-con e-child\" data-id=\"eac7e7a\" data-element_type=\"container\" data-e-type=\"container\">\n\t\t\t\t<div class=\"elementor-element elementor-element-48e37e51 grve-elementor-align-left elementor-widget elementor-widget-impeka_title\" data-id=\"48e37e51\" data-element_type=\"widget\" data-e-type=\"widget\" data-widget_type=\"impeka_title.default\">\n\t\t\t\t<div class=\"elementor-widget-container\">\n\t\t\t\t\t<h3 class=\"grve-element grve-title grve-h3 grve-text-primary-3\" style=\"margin-bottom: 30px;\"><span>Summary in English<br><\/span><\/h3>\t\t\t\t<\/div>\n\t\t\t\t<\/div>\n\t\t\t\t<div class=\"elementor-element elementor-element-7be4ebb8 grve-elementor-align-left elementor-widget elementor-widget-impeka_title\" data-id=\"7be4ebb8\" data-element_type=\"widget\" data-e-type=\"widget\" data-widget_type=\"impeka_title.default\">\n\t\t\t\t<div class=\"elementor-widget-container\">\n\t\t\t\t\t<h3 class=\"grve-element grve-title grve-h6\"><span>BMG AS is committed to responsible, safe, and sustainable value creation. Sustainability is integrated into our operational strategy, decision-making, and continuous improvement processes.<br><\/span><\/h3>\t\t\t\t<\/div>\n\t\t\t\t<\/div>\n\t\t\t\t<div class=\"elementor-element elementor-element-922daab elementor-widget elementor-widget-text-editor\" data-id=\"922daab\" data-element_type=\"widget\" data-e-type=\"widget\" data-widget_type=\"text-editor.default\">\n\t\t\t\t\t\t\t\t\t<p>Our commitments are grounded in recognised standards and international frameworks, ensuring reliable performance, processes to follow legal compliance, and long-term resilience.<\/p>\n<p>We maintain certified management systems aligned with ISO 9001 (quality, including 3834-2, 1090-2), ISO 14001 (environment), and ISO 45001 (health and safety). We further strengthen governance and risk-based controls with reference to ISO 50001 (energy management), ISO\/IEC 27001 (information security), ISO 37001 (anti-bribery), and the UN Global Compact and Sustainable Development Goals (SDGs).<\/p>\n<p>Our sustainability approach focuses on six core areas:<\/p>\n<ul>\n<li><strong>Quality and Responsible Delivery<\/strong> \u2013 delivering defect-free products and services, meeting customer and regulatory expectations, and driving continuous improvement.<br><br><\/li>\n<li><strong>Environmental Responsibility<\/strong> \u2013 preventing pollution, reducing waste and emissions, enhancing circularity, protecting biodiversity, and complying with regulations.<br><br><\/li>\n<li><strong>Health, Safety &amp; Well-being<\/strong> \u2013 ensuring safe workplaces, eliminating hazards, preventing injuries and illnesses, and reinforcing a safety-first culture.<br><br><\/li>\n<li><strong>Energy Stewardship<\/strong> \u2013 improving energy performance, carrying out energy reviews, monitoring consumption, and reducing CO\u2082 emissions.<br><br><\/li>\n<li><strong>Information Security &amp; Data Protection<\/strong> \u2013 protecting the confidentiality, integrity, and availability of information assets, conducting risk assessments, and maintaining GDPR-compliant safeguards.<br><br><\/li>\n<li><strong>Ethical Conduct &amp; Anti-Bribery<\/strong> \u2013 applying zero tolerance for corruption, strengthening internal controls, and ensuring transparency and responsible partnerships.<\/li>\n<\/ul>\n<p>These commitments are implemented through defined procedures, clear responsibilities, monitoring, KPIs\/targets, and an improvement system supported by leadership accountability. The integrated policy is reviewed at planned intervals and communicated to employees, contractors, and stakeholders alike.<\/p>\n<p>Together, these actions support resilient operations, trust-based customer relationships, sustainable supply-chain performance, and alignment with societal expectations. BMG AS aims to contribute positively to people, planet and prosperity through responsible management practices and continuous improvement.<\/p>\t\t\t\t\t\t\t\t<\/div>\n\t\t\t\t<\/div>\n\t\t\t\t\t<\/div>\n\t\t\t\t<\/div>\n\t\t<div class=\"elementor-element elementor-element-7d0942eb e-flex e-con-boxed e-con e-parent\" data-id=\"7d0942eb\" data-element_type=\"container\" data-e-type=\"container\" data-settings=\"{&quot;background_background&quot;:&quot;classic&quot;}\">\n\t\t\t\t\t<div class=\"e-con-inner\">\n\t\t<div class=\"elementor-element elementor-element-347d9ac e-con-full e-flex e-con e-child\" data-id=\"347d9ac\" data-element_type=\"container\" data-e-type=\"container\">\n\t\t\t\t<div class=\"elementor-element elementor-element-d14703e grve-elementor-align-left elementor-widget elementor-widget-impeka_title\" data-id=\"d14703e\" data-element_type=\"widget\" data-e-type=\"widget\" data-widget_type=\"impeka_title.default\">\n\t\t\t\t<div class=\"elementor-widget-container\">\n\t\t\t\t\t<h3 class=\"grve-element grve-title grve-h2 grve-text-white\" style=\"margin-bottom: 30px;\"><span>A sustainable partner<br><\/span><\/h3>\t\t\t\t<\/div>\n\t\t\t\t<\/div>\n\t\t\t\t<div class=\"elementor-element elementor-element-23b6f22 grve-elementor-align-left elementor-widget elementor-widget-impeka_title\" data-id=\"23b6f22\" data-element_type=\"widget\" data-e-type=\"widget\" data-widget_type=\"impeka_title.default\">\n\t\t\t\t<div class=\"elementor-widget-container\">\n\t\t\t\t\t<h3 class=\"grve-element grve-title grve-leader-text grve-text-white\" style=\"margin-bottom: 30px;\"><span>Through quality, environmental management, health and safety, energy efficiency, information security, and ethical business operations, we help to protect people, the environment, and values \u2013 while building a more robust and sustainable future.<br><\/span><\/h3>\t\t\t\t<\/div>\n\t\t\t\t<\/div>\n\t\t\t\t<\/div>\n\t\t\t\t\t<\/div>\n\t\t\t\t<\/div>\n\t\t\t\t<\/div>","protected":false},"excerpt":{"rendered":"<p>B\u00e6rekraftsforpliktelse BMG AS forplikter seg til ansvarlig, sikker og b\u00e6rekraftig verdiskaping.\u00a0 V\u00e5rt styringssystem bygger p\u00e5 anerkjente standarder og lovkrav, og vi forbedrer kontinuerlig v\u00e5re prosesser for \u00e5 m\u00f8te kunders, myndigheters og samfunnets forventninger.\u00a0\u00a0 Vi opererer med sertifiserte systemer iht. ISO 9001, 3834,2, EN 1090-2, ISO 14001 og ISO 45001, og videreutvikler styringen med referanse til [&hellip;]<\/p>\n","protected":false},"author":1,"featured_media":0,"parent":0,"menu_order":0,"comment_status":"closed","ping_status":"closed","template":"","meta":{"footnotes":""},"class_list":["post-9404","page","type-page","status-publish","hentry","grve-entry-item"],"_links":{"self":[{"href":"https:\/\/bmg-as.no\/en\/wp-json\/wp\/v2\/pages\/9404","targetHints":{"allow":["GET"]}}],"collection":[{"href":"https:\/\/bmg-as.no\/en\/wp-json\/wp\/v2\/pages"}],"about":[{"href":"https:\/\/bmg-as.no\/en\/wp-json\/wp\/v2\/types\/page"}],"author":[{"embeddable":true,"href":"https:\/\/bmg-as.no\/en\/wp-json\/wp\/v2\/users\/1"}],"replies":[{"embeddable":true,"href":"https:\/\/bmg-as.no\/en\/wp-json\/wp\/v2\/comments?post=9404"}],"version-history":[{"count":3,"href":"https:\/\/bmg-as.no\/en\/wp-json\/wp\/v2\/pages\/9404\/revisions"}],"predecessor-version":[{"id":12188,"href":"https:\/\/bmg-as.no\/en\/wp-json\/wp\/v2\/pages\/9404\/revisions\/12188"}],"wp:attachment":[{"href":"https:\/\/bmg-as.no\/en\/wp-json\/wp\/v2\/media?parent=9404"}],"curies":[{"name":"wp","href":"https:\/\/api.w.org\/{rel}","templated":true}]}}