{"id":9654,"date":"2026-02-11T14:35:27","date_gmt":"2026-02-11T13:35:27","guid":{"rendered":"https:\/\/bmgroup.creato.no\/?page_id=9654"},"modified":"2026-03-24T15:25:35","modified_gmt":"2026-03-24T14:25:35","slug":"om-oss","status":"publish","type":"page","link":"https:\/\/bmg-as.no\/en\/bsm\/om-oss\/","title":{"rendered":"About us"},"content":{"rendered":"<div data-elementor-type=\"wp-page\" data-elementor-id=\"9654\" class=\"elementor elementor-9654\" data-elementor-post-type=\"page\">\n\t\t\t\t<div class=\"elementor-element elementor-element-268be3ff e-flex e-con-boxed e-con e-parent\" data-id=\"268be3ff\" data-element_type=\"container\" data-e-type=\"container\" data-settings=\"{&quot;background_background&quot;:&quot;gradient&quot;}\">\n\t\t\t\t\t<div class=\"e-con-inner\">\n\t\t<div class=\"elementor-element elementor-element-45f52806 e-con-full e-flex e-con e-child\" data-id=\"45f52806\" data-element_type=\"container\" data-e-type=\"container\">\n\t\t\t\t<div class=\"elementor-element elementor-element-b080b4b grve-elementor-align-left elementor-invisible elementor-widget elementor-widget-impeka_title\" data-id=\"b080b4b\" data-element_type=\"widget\" data-e-type=\"widget\" data-settings=\"{&quot;_animation&quot;:&quot;fadeIn&quot;}\" data-widget_type=\"impeka_title.default\">\n\t\t\t\t<div class=\"elementor-widget-container\">\n\t\t\t\t\t<h3 class=\"grve-element grve-title grve-h3 grve-text-white\" style=\"margin-bottom: 30px;\"><span>Since 1996, Bergen Sveis og Mekaniske AS has developed into a modern fabrication workshop with a large machine park.<br><\/span><\/h3>\t\t\t\t<\/div>\n\t\t\t\t<\/div>\n\t\t\t\t<div class=\"elementor-element elementor-element-4d566ba elementor-invisible elementor-widget elementor-widget-text-editor\" data-id=\"4d566ba\" data-element_type=\"widget\" data-e-type=\"widget\" data-settings=\"{&quot;_animation&quot;:&quot;fadeIn&quot;}\" data-widget_type=\"text-editor.default\">\n\t\t\t\t\t\t\t\t\t<p>We manufacture new steel structures, but also carry out service and refurbishment jobs for customers. Our vision is to deliver services and products at a competitive price with high quality and on-time deliveries.<\/p>\t\t\t\t\t\t\t\t<\/div>\n\t\t\t\t<\/div>\n\t\t\t\t\t<\/div>\n\t\t\t\t<\/div>\n\t\t<div class=\"elementor-element elementor-element-66edd5cc e-flex e-con-boxed e-con e-parent\" data-id=\"66edd5cc\" data-element_type=\"container\" data-e-type=\"container\">\n\t\t\t\t\t<div class=\"e-con-inner\">\n\t\t<div class=\"elementor-element elementor-element-2a789688 e-con-full e-flex e-con e-child\" data-id=\"2a789688\" data-element_type=\"container\" data-e-type=\"container\">\n\t\t\t\t<div class=\"elementor-element elementor-element-74ce417 grve-elementor-align-left elementor-invisible elementor-widget elementor-widget-impeka_title\" data-id=\"74ce417\" data-element_type=\"widget\" data-e-type=\"widget\" data-settings=\"{&quot;_animation&quot;:&quot;fadeIn&quot;}\" data-widget_type=\"impeka_title.default\">\n\t\t\t\t<div class=\"elementor-widget-container\">\n\t\t\t\t\t<h3 class=\"grve-element grve-title grve-h3 grve-text-primary-3\" style=\"margin-bottom: 15px;\"><span>Services<br><\/span><\/h3>\t\t\t\t<\/div>\n\t\t\t\t<\/div>\n\t\t\t\t<div class=\"elementor-element elementor-element-bd2eca2 elementor-invisible elementor-widget elementor-widget-text-editor\" data-id=\"bd2eca2\" data-element_type=\"widget\" data-e-type=\"widget\" data-settings=\"{&quot;_animation&quot;:&quot;fadeIn&quot;}\" data-widget_type=\"text-editor.default\">\n\t\t\t\t\t\t\t\t\t<p>We offer everything from machining and production to assembly and completion of complete, bespoke solutions. In addition, we provide pipework, maintenance, and modifications that ensure optimal operation and longevity of your installations.<\/p>\n<p>Our goal is to be a flexible and efficient partner \u2013 with a focus on quality, precision, and deliveries you can rely on.<\/p>\t\t\t\t\t\t\t\t<\/div>\n\t\t\t\t<div class=\"elementor-element elementor-element-d08d812 elementor-widget elementor-widget-impeka_empty_space\" data-id=\"d08d812\" data-element_type=\"widget\" data-e-type=\"widget\" data-widget_type=\"impeka_empty_space.default\">\n\t\t\t\t<div class=\"elementor-widget-container\">\n\t\t\t\t\t<div class=\"grve-empty-space grve-height-1x\"><\/div>\t\t\t\t<\/div>\n\t\t\t\t<\/div>\n\t\t\t\t<div class=\"elementor-element elementor-element-e181b87 grve-elementor-align-left elementor-invisible elementor-widget elementor-widget-impeka_quote\" data-id=\"e181b87\" data-element_type=\"widget\" data-e-type=\"widget\" data-settings=\"{&quot;_animation&quot;:&quot;fadeIn&quot;}\" data-widget_type=\"impeka_quote.default\">\n\t\t\t\t<div class=\"elementor-widget-container\">\n\t\t\t\t\t<blockquote class=\"grve-element grve-quote-element\"><p>Sustainability for us is not just about the environment, but also about responsible operations and long-term value creation.<\/p><\/blockquote>\t\t\t\t<\/div>\n\t\t\t\t<\/div>\n\t\t\t\t<\/div>\n\t\t<div class=\"elementor-element elementor-element-4d632fc e-con-full e-flex e-con e-child\" data-id=\"4d632fc\" data-element_type=\"container\" data-e-type=\"container\">\n\t\t\t\t<div class=\"elementor-element elementor-element-a56e76d grve-elementor-align-left elementor-invisible elementor-widget elementor-widget-impeka_title\" data-id=\"a56e76d\" data-element_type=\"widget\" data-e-type=\"widget\" data-settings=\"{&quot;_animation&quot;:&quot;fadeIn&quot;}\" data-widget_type=\"impeka_title.default\">\n\t\t\t\t<div class=\"elementor-widget-container\">\n\t\t\t\t\t<h3 class=\"grve-element grve-title grve-h3 grve-text-primary-3\" style=\"margin-bottom: 15px;\"><span>A sustainable partner<br><\/span><\/h3>\t\t\t\t<\/div>\n\t\t\t\t<\/div>\n\t\t\t\t<div class=\"elementor-element elementor-element-d1233c2 elementor-invisible elementor-widget elementor-widget-text-editor\" data-id=\"d1233c2\" data-element_type=\"widget\" data-e-type=\"widget\" data-settings=\"{&quot;_animation&quot;:&quot;fadeIn&quot;}\" data-widget_type=\"text-editor.default\">\n\t\t\t\t\t\t\t\t\t<p>At Bergen Sveis og Mekaniske, we take sustainability seriously and are actively working to be part of the green transition. We focus on reducing our environmental impact through efficient work processes, material choices and collaboration with responsible suppliers.<\/p><p>At the same time, we are committed to good and safe working conditions, and we set high standards for both ourselves and our partners. For us, sustainability is not just about the environment, but also about responsible operation and long-term value creation.<\/p>\t\t\t\t\t\t\t\t<\/div>\n\t\t\t\t<div class=\"elementor-element elementor-element-dd0145f elementor-widget elementor-widget-impeka_empty_space\" data-id=\"dd0145f\" data-element_type=\"widget\" data-e-type=\"widget\" data-widget_type=\"impeka_empty_space.default\">\n\t\t\t\t<div class=\"elementor-widget-container\">\n\t\t\t\t\t<div class=\"grve-empty-space grve-height-1x\"><\/div>\t\t\t\t<\/div>\n\t\t\t\t<\/div>\n\t\t\t\t<div class=\"elementor-element elementor-element-1ded975 grve-elementor-align-left elementor-invisible elementor-widget elementor-widget-impeka_title\" data-id=\"1ded975\" data-element_type=\"widget\" data-e-type=\"widget\" data-settings=\"{&quot;_animation&quot;:&quot;fadeIn&quot;}\" data-widget_type=\"impeka_title.default\">\n\t\t\t\t<div class=\"elementor-widget-container\">\n\t\t\t\t\t<h3 class=\"grve-element grve-title grve-h3 grve-text-primary-3\" style=\"margin-bottom: 15px;\"><span>Certification<br><\/span><\/h3>\t\t\t\t<\/div>\n\t\t\t\t<\/div>\n\t\t\t\t<div class=\"elementor-element elementor-element-11d7b08 elementor-invisible elementor-widget elementor-widget-text-editor\" data-id=\"11d7b08\" data-element_type=\"widget\" data-e-type=\"widget\" data-settings=\"{&quot;_animation&quot;:&quot;fadeIn&quot;}\" data-widget_type=\"text-editor.default\">\n\t\t\t\t\t\t\t\t\t<p>Bergen Sveis og Mekaniske AS is certified according to ISO 14001, ISO 9001, ISO 45001, ISO 3834-2 and ISO 1090<\/p>\t\t\t\t\t\t\t\t<\/div>\n\t\t\t\t<\/div>\n\t\t\t\t\t<\/div>\n\t\t\t\t<\/div>\n\t\t<div class=\"elementor-element elementor-element-728665a1 e-flex e-con-boxed e-con e-parent\" data-id=\"728665a1\" data-element_type=\"container\" data-e-type=\"container\" data-settings=\"{&quot;background_background&quot;:&quot;classic&quot;}\">\n\t\t\t\t\t<div class=\"e-con-inner\">\n\t\t<div class=\"elementor-element elementor-element-6c132244 e-con-full e-flex e-con e-child\" data-id=\"6c132244\" data-element_type=\"container\" data-e-type=\"container\">\n\t\t\t\t<div class=\"elementor-element elementor-element-32667df9 animated-slow grve-elementor-align-left elementor-invisible elementor-widget elementor-widget-impeka_slogan\" data-id=\"32667df9\" data-element_type=\"widget\" data-e-type=\"widget\" data-settings=\"{&quot;_animation&quot;:&quot;fadeIn&quot;,&quot;_animation_delay&quot;:500}\" data-widget_type=\"impeka_slogan.default\">\n\t\t\t\t<div class=\"elementor-widget-container\">\n\t\t\t\t\t<div class=\"grve-element grve-slogan\"><h2 class=\"grve-slogan-title grve-h3 grve-text-white\" style=\"\"><span>Sustainability<\/span><\/h2><p class=\"grve-leader-text grve-text-white\">BMG AS is committed to responsible, safe and sustainable value creation.\u00a0<\/p><div class=\"grve-btn-wrapper\"><a href=\"https:\/\/bmg-as.no\/en\/barekraft\/\" class=\"grve-btn grve-square grve-bg-primary-3 grve-border-primary-3 grve-bg-hover-black grve-border-hover-black grve-text-white grve-text-hover-white grve-btn-medium\">\r\n\t\t<span>Read more<\/span>\r\n\t\t\t\t\t\t\t<\/a><\/div><\/div>\t\t\t\t<\/div>\n\t\t\t\t<\/div>\n\t\t\t\t<\/div>\n\t\t\t\t\t<\/div>\n\t\t\t\t<\/div>\n\t\t\t\t<\/div>","protected":false},"excerpt":{"rendered":"<p>Bergen Sveis og Mekaniske AS har siden 1996 utviklet seg til \u00e5 bli et moderne fabrikasjonsverksted med en stor maskinpark. Vi lager nye st\u00e5lstrukturer men ogs\u00e5 service og ombyggingsjobber ute hos kunder. V\u00e5r visjon er \u00e5 levere tjenester og produkter til konkurransedyktig pris med h\u00f8y kvalitet og leveranser til avtalt tid. Tjenester Vi tilbyr alt [&hellip;]<\/p>\n","protected":false},"author":1,"featured_media":85,"parent":9649,"menu_order":0,"comment_status":"closed","ping_status":"closed","template":"","meta":{"footnotes":""},"class_list":["post-9654","page","type-page","status-publish","has-post-thumbnail","hentry","grve-entry-item"],"_links":{"self":[{"href":"https:\/\/bmg-as.no\/en\/wp-json\/wp\/v2\/pages\/9654","targetHints":{"allow":["GET"]}}],"collection":[{"href":"https:\/\/bmg-as.no\/en\/wp-json\/wp\/v2\/pages"}],"about":[{"href":"https:\/\/bmg-as.no\/en\/wp-json\/wp\/v2\/types\/page"}],"author":[{"embeddable":true,"href":"https:\/\/bmg-as.no\/en\/wp-json\/wp\/v2\/users\/1"}],"replies":[{"embeddable":true,"href":"https:\/\/bmg-as.no\/en\/wp-json\/wp\/v2\/comments?post=9654"}],"version-history":[{"count":18,"href":"https:\/\/bmg-as.no\/en\/wp-json\/wp\/v2\/pages\/9654\/revisions"}],"predecessor-version":[{"id":12181,"href":"https:\/\/bmg-as.no\/en\/wp-json\/wp\/v2\/pages\/9654\/revisions\/12181"}],"up":[{"embeddable":true,"href":"https:\/\/bmg-as.no\/en\/wp-json\/wp\/v2\/pages\/9649"}],"wp:featuredmedia":[{"embeddable":true,"href":"https:\/\/bmg-as.no\/en\/wp-json\/wp\/v2\/media\/85"}],"wp:attachment":[{"href":"https:\/\/bmg-as.no\/en\/wp-json\/wp\/v2\/media?parent=9654"}],"curies":[{"name":"wp","href":"https:\/\/api.w.org\/{rel}","templated":true}]}}